{"id":3912,"date":"2025-09-10T11:23:15","date_gmt":"2025-09-10T09:23:15","guid":{"rendered":"https:\/\/www.dargaud-jaegle.com\/vallaurine\/"},"modified":"2025-09-16T15:49:00","modified_gmt":"2025-09-16T13:49:00","slug":"vallaurine","status":"publish","type":"page","link":"https:\/\/www.dargaud-jaegle.com\/en\/vallaurine\/","title":{"rendered":"Vallaurine"},"content":{"rendered":"\t\t<div data-elementor-type=\"wp-page\" data-elementor-id=\"3912\" class=\"elementor elementor-3912 elementor-3751\" data-elementor-post-type=\"page\">\n\t\t\t\t<div class=\"elementor-element elementor-element-13a37971 e-grid e-con-full e-con e-parent\" data-id=\"13a37971\" data-element_type=\"container\" data-e-type=\"container\" data-settings=\"{&quot;background_background&quot;:&quot;classic&quot;}\">\n\t\t<div class=\"elementor-element elementor-element-21efd0bd e-con-full e-flex elementor-invisible e-con e-child\" data-id=\"21efd0bd\" data-element_type=\"container\" data-e-type=\"container\" data-settings=\"{&quot;animation&quot;:&quot;fadeInLeft&quot;}\">\n\t\t\t\t<div class=\"elementor-element elementor-element-74ed6c1f h1 elementor-widget elementor-widget-heading\" data-id=\"74ed6c1f\" data-element_type=\"widget\" data-e-type=\"widget\" data-widget_type=\"heading.default\">\n\t\t\t\t<div class=\"elementor-widget-container\">\n\t\t\t\t\t<h1 class=\"elementor-heading-title elementor-size-default\">THE INTEGRATION OF THE VALLAURINE BARRELS<br>UNDER DARGAUD &amp; JAEGL\u00c9<\/h1>\t\t\t\t<\/div>\n\t\t\t\t<\/div>\n\t\t\t\t<div class=\"elementor-element elementor-element-479b8632 h2 elementor-widget elementor-widget-heading\" data-id=\"479b8632\" data-element_type=\"widget\" data-e-type=\"widget\" data-widget_type=\"heading.default\">\n\t\t\t\t<div class=\"elementor-widget-container\">\n\t\t\t\t\t<h2 class=\"elementor-heading-title elementor-size-default\">A TRADITION PRESERVED, <br>FOR STRENGTHENED INNOVATION<\/h2>\t\t\t\t<\/div>\n\t\t\t\t<\/div>\n\t\t\t\t<div class=\"elementor-element elementor-element-25024777 elementor-widget elementor-widget-text-editor\" data-id=\"25024777\" data-element_type=\"widget\" data-e-type=\"widget\" data-widget_type=\"text-editor.default\">\n\t\t\t\t<div class=\"elementor-widget-container\">\n\t\t\t\t\t\t\t\t\t<p>Since April 2025, the Vallaurine production has joined the Dargaud et Jaegl\u00e9 group. Initially produced in the Rh\u00f4ne Valley, Vallaurine barrels are now produced <strong>in our workplace in Roman\u00e8che-Thorins in Sa\u00f4ne et Loire<\/strong>. <\/p>\t\t\t\t\t\t\t\t<\/div>\n\t\t\t\t<\/div>\n\t\t\t\t<\/div>\n\t\t\t\t<div class=\"elementor-element elementor-element-6602e8b7 elementor-widget__width-auto elementor-invisible elementor-widget elementor-widget-image\" data-id=\"6602e8b7\" data-element_type=\"widget\" data-e-type=\"widget\" data-settings=\"{&quot;_animation&quot;:&quot;fadeInRight&quot;}\" data-widget_type=\"image.default\">\n\t\t\t\t<div class=\"elementor-widget-container\">\n\t\t\t\t\t\t\t\t\t\t\t\t\t\t\t<img fetchpriority=\"high\" decoding=\"async\" width=\"800\" height=\"465\" src=\"https:\/\/www.dargaud-jaegle.com\/wp-content\/uploads\/2025\/09\/Vallaurine-futs.jpg\" class=\"attachment-full size-full wp-image-3838\" alt=\"F\u00fbts Vallaurine\" srcset=\"https:\/\/www.dargaud-jaegle.com\/wp-content\/uploads\/2025\/09\/Vallaurine-futs.jpg 800w, https:\/\/www.dargaud-jaegle.com\/wp-content\/uploads\/2025\/09\/Vallaurine-futs-768x446.jpg 768w\" sizes=\"(max-width: 800px) 100vw, 800px\" \/>\t\t\t\t\t\t\t\t\t\t\t\t\t\t\t<\/div>\n\t\t\t\t<\/div>\n\t\t\t\t<\/div>\n\t\t<div class=\"elementor-element elementor-element-6c4692d7 e-con-full e-flex e-con e-parent\" data-id=\"6c4692d7\" data-element_type=\"container\" data-e-type=\"container\">\n\t\t<div class=\"elementor-element elementor-element-3fb4e5ef e-con-full e-flex e-con e-child\" data-id=\"3fb4e5ef\" data-element_type=\"container\" data-e-type=\"container\" data-settings=\"{&quot;background_background&quot;:&quot;classic&quot;}\">\n\t\t<div class=\"elementor-element elementor-element-69a43dac e-con-full e-flex e-con e-child\" data-id=\"69a43dac\" data-element_type=\"container\" data-e-type=\"container\">\n\t\t\t\t<div class=\"elementor-element elementor-element-40793b41 elementor-invisible elementor-widget elementor-widget-image\" data-id=\"40793b41\" data-element_type=\"widget\" data-e-type=\"widget\" data-settings=\"{&quot;_animation&quot;:&quot;fadeInRight&quot;}\" data-widget_type=\"image.default\">\n\t\t\t\t<div class=\"elementor-widget-container\">\n\t\t\t\t\t\t\t\t\t\t\t\t\t\t\t<img decoding=\"async\" width=\"662\" height=\"562\" src=\"https:\/\/www.dargaud-jaegle.com\/wp-content\/uploads\/2025\/09\/Vallaurine-fut-MT.jpg\" class=\"attachment-full size-full wp-image-3834\" alt=\"F\u00fbts Vallaurine\" \/>\t\t\t\t\t\t\t\t\t\t\t\t\t\t\t<\/div>\n\t\t\t\t<\/div>\n\t\t\t\t<\/div>\n\t\t<div class=\"elementor-element elementor-element-78f046bf e-con-full e-flex e-con e-child\" data-id=\"78f046bf\" data-element_type=\"container\" data-e-type=\"container\" data-settings=\"{&quot;background_background&quot;:&quot;classic&quot;}\">\n\t\t<div class=\"elementor-element elementor-element-4807b4f0 e-con-full e-flex e-con e-child\" data-id=\"4807b4f0\" data-element_type=\"container\" data-e-type=\"container\">\n\t\t\t\t<div class=\"elementor-element elementor-element-6187538 lato fs-23 elementor-widget elementor-widget-heading\" data-id=\"6187538\" data-element_type=\"widget\" data-e-type=\"widget\" data-widget_type=\"heading.default\">\n\t\t\t\t<div class=\"elementor-widget-container\">\n\t\t\t\t\t<h3 class=\"elementor-heading-title elementor-size-default\">TECHNOLOGY<br> AT THE SERVICE OF THE TRADITION<\/h3>\t\t\t\t<\/div>\n\t\t\t\t<\/div>\n\t\t\t\t<div class=\"elementor-element elementor-element-45646b58 elementor-widget elementor-widget-text-editor\" data-id=\"45646b58\" data-element_type=\"widget\" data-e-type=\"widget\" data-widget_type=\"text-editor.default\">\n\t\t\t\t<div class=\"elementor-widget-container\">\n\t\t\t\t\t\t\t\t\t<p><strong>The Vallaurine toasting process<\/strong> has been transferred to its entirety, and has found its own dedicated space at the heart of a modern and functional building.<\/p><p>Thanks to this transition, <strong>the Vallaurine style remains unique and unchanged<\/strong>, while benefiting from Dargaud et Jaegl\u00e9&#8217;s technology.<\/p>\t\t\t\t\t\t\t\t<\/div>\n\t\t\t\t<\/div>\n\t\t\t\t<div class=\"elementor-element elementor-element-0f6200b lato fs-23 elementor-widget elementor-widget-heading\" data-id=\"0f6200b\" data-element_type=\"widget\" data-e-type=\"widget\" data-widget_type=\"heading.default\">\n\t\t\t\t<div class=\"elementor-widget-container\">\n\t\t\t\t\t<h3 class=\"elementor-heading-title elementor-size-default\">A PROMISING FUTURE<br>for Vallaurine<\/h3>\t\t\t\t<\/div>\n\t\t\t\t<\/div>\n\t\t\t\t<div class=\"elementor-element elementor-element-5c34aaa elementor-widget elementor-widget-text-editor\" data-id=\"5c34aaa\" data-element_type=\"widget\" data-e-type=\"widget\" data-widget_type=\"text-editor.default\">\n\t\t\t\t<div class=\"elementor-widget-container\">\n\t\t\t\t\t\t\t\t\t<p>This integration is a landmark for our group, opening up<strong> new prospects and consolidating Vallaurine&#8217;s future<\/strong> within Dargaud et Jaegl\u00e9.<\/p>\t\t\t\t\t\t\t\t<\/div>\n\t\t\t\t<\/div>\n\t\t\t\t<\/div>\n\t\t\t\t<\/div>\n\t\t\t\t<\/div>\n\t\t\t\t<\/div>\n\t\t<div class=\"elementor-element elementor-element-e7aec28 e-grid e-con-full e-con e-parent\" data-id=\"e7aec28\" data-element_type=\"container\" data-e-type=\"container\" data-settings=\"{&quot;background_background&quot;:&quot;classic&quot;}\">\n\t\t<div class=\"elementor-element elementor-element-badf41e e-con-full e-flex elementor-invisible e-con e-child\" data-id=\"badf41e\" data-element_type=\"container\" data-e-type=\"container\" data-settings=\"{&quot;animation&quot;:&quot;fadeInLeft&quot;}\">\n\t\t\t\t<div class=\"elementor-element elementor-element-59352ca h2 elementor-widget elementor-widget-heading\" data-id=\"59352ca\" data-element_type=\"widget\" data-e-type=\"widget\" data-widget_type=\"heading.default\">\n\t\t\t\t<div class=\"elementor-widget-container\">\n\t\t\t\t\t<h3 class=\"elementor-heading-title elementor-size-default\">A LARGE RANGE<br>OF CASKS<\/h3>\t\t\t\t<\/div>\n\t\t\t\t<\/div>\n\t\t\t\t<div class=\"elementor-element elementor-element-54dffdb elementor-widget elementor-widget-text-editor\" data-id=\"54dffdb\" data-element_type=\"widget\" data-e-type=\"widget\" data-widget_type=\"text-editor.default\">\n\t\t\t\t<div class=\"elementor-widget-container\">\n\t\t\t\t\t\t\t\t\t<p><strong>Tonnellerie Vallaurine offers a wide range of barrels adapted to different needs, available in several sizes and origins.<\/strong><\/p>\t\t\t\t\t\t\t\t<\/div>\n\t\t\t\t<\/div>\n\t\t\t\t<\/div>\n\t\t\t\t<\/div>\n\t\t<div class=\"elementor-element elementor-element-90c26aa e-grid e-con-full e-con e-parent\" data-id=\"90c26aa\" data-element_type=\"container\" data-e-type=\"container\" data-settings=\"{&quot;background_background&quot;:&quot;classic&quot;}\">\n\t\t<div class=\"elementor-element elementor-element-0979792 e-con-full e-flex elementor-invisible e-con e-child\" data-id=\"0979792\" data-element_type=\"container\" data-e-type=\"container\" data-settings=\"{&quot;animation&quot;:&quot;fadeInLeft&quot;}\">\n\t\t<div class=\"elementor-element elementor-element-52d45cb e-con-full e-flex e-con e-child\" data-id=\"52d45cb\" data-element_type=\"container\" data-e-type=\"container\" data-settings=\"{&quot;background_background&quot;:&quot;classic&quot;}\">\n\t\t<div class=\"elementor-element elementor-element-4bac098 e-con-full e-flex e-con e-child\" data-id=\"4bac098\" data-element_type=\"container\" data-e-type=\"container\" data-settings=\"{&quot;background_background&quot;:&quot;classic&quot;}\">\n\t\t\t\t<div class=\"elementor-element elementor-element-16898d2 elementor-widget elementor-widget-image\" data-id=\"16898d2\" data-element_type=\"widget\" data-e-type=\"widget\" data-widget_type=\"image.default\">\n\t\t\t\t<div class=\"elementor-widget-container\">\n\t\t\t\t\t\t\t\t\t\t\t\t\t\t\t<img decoding=\"async\" width=\"308\" height=\"462\" src=\"https:\/\/www.dargaud-jaegle.com\/wp-content\/uploads\/2024\/04\/FUT-2.png\" class=\"attachment-large size-large wp-image-2071\" alt=\"\" \/>\t\t\t\t\t\t\t\t\t\t\t\t\t\t\t<\/div>\n\t\t\t\t<\/div>\n\t\t\t\t<\/div>\n\t\t<div class=\"elementor-element elementor-element-8900756 e-con-full e-flex e-con e-child\" data-id=\"8900756\" data-element_type=\"container\" data-e-type=\"container\">\n\t\t\t\t<div class=\"elementor-element elementor-element-045e8b1 elementor-widget elementor-widget-price-list\" data-id=\"045e8b1\" data-element_type=\"widget\" data-e-type=\"widget\" data-widget_type=\"price-list.default\">\n\t\t\t\t<div class=\"elementor-widget-container\">\n\t\t\t\t\t\n\t\t<ul class=\"elementor-price-list\">\n\n\t\t\t\t\t\t\t\t\t<li><a class=\"elementor-price-list-item\" href=\"#\">\t\t\t\t\n\t\t\t\t<div class=\"elementor-price-list-text\">\n\t\t\t\t\t\t\t\t\t<div class=\"elementor-price-list-header\">\n\t\t\t\t\t\t\t\t\t\t\t<span class=\"elementor-price-list-title\">\n\t\t\t\t\t\t\tBordeaux transport\t\t\t\t\t\t<\/span>\n\t\t\t\t\t\t\t\t\t\t\t\t\t\t\t\t\t\t\t\t\t\t\t\t<span class=\"elementor-price-list-price\">225L<\/span>\n\t\t\t\t\t\t\t\t\t\t<\/div>\n\t\t\t\t\t\t\t\t\t\t\t\t<\/div>\n\t\t\t\t<\/a><\/li>\t\t\t\t\t\t\t\t\t\t\t\t<li><a class=\"elementor-price-list-item\" href=\"#\">\t\t\t\t\n\t\t\t\t<div class=\"elementor-price-list-text\">\n\t\t\t\t\t\t\t\t\t<div class=\"elementor-price-list-header\">\n\t\t\t\t\t\t\t\t\t\t\t<span class=\"elementor-price-list-title\">\n\t\t\t\t\t\t\tBourgogne export\t\t\t\t\t\t<\/span>\n\t\t\t\t\t\t\t\t\t\t\t\t\t\t\t\t\t\t\t\t\t\t\t\t<span class=\"elementor-price-list-price\">228L<\/span>\n\t\t\t\t\t\t\t\t\t\t<\/div>\n\t\t\t\t\t\t\t\t\t\t\t\t<\/div>\n\t\t\t\t<\/a><\/li>\t\t\t\t\t\t\t\t\t\t\t\t<li><a class=\"elementor-price-list-item\" href=\"#\">\t\t\t\t\n\t\t\t\t<div class=\"elementor-price-list-text\">\n\t\t\t\t\t\t\t\t\t<div class=\"elementor-price-list-header\">\n\t\t\t\t\t\t\t\t\t\t\t<span class=\"elementor-price-list-title\">\n\t\t\t\t\t\t\tBarrel\t\t\t\t\t\t<\/span>\n\t\t\t\t\t\t\t\t\t\t\t\t\t\t\t\t\t\t\t\t\t\t\t\t<span class=\"elementor-price-list-price\">300L<\/span>\n\t\t\t\t\t\t\t\t\t\t<\/div>\n\t\t\t\t\t\t\t\t\t\t\t\t<\/div>\n\t\t\t\t<\/a><\/li>\t\t\t\t\t\t\t\t\t\t\t\t<li><a class=\"elementor-price-list-item\" href=\"#\">\t\t\t\t\n\t\t\t\t<div class=\"elementor-price-list-text\">\n\t\t\t\t\t\t\t\t\t<div class=\"elementor-price-list-header\">\n\t\t\t\t\t\t\t\t\t\t\t<span class=\"elementor-price-list-title\">\n\t\t\t\t\t\t\tBarrel\t\t\t\t\t\t<\/span>\n\t\t\t\t\t\t\t\t\t\t\t\t\t\t\t\t\t\t\t\t\t\t\t\t<span class=\"elementor-price-list-price\">400L<\/span>\n\t\t\t\t\t\t\t\t\t\t<\/div>\n\t\t\t\t\t\t\t\t\t\t\t\t<\/div>\n\t\t\t\t<\/a><\/li>\t\t\t\t\t\t\t\t\t\t\t\t<li><a class=\"elementor-price-list-item\" href=\"#\">\t\t\t\t\n\t\t\t\t<div class=\"elementor-price-list-text\">\n\t\t\t\t\t\t\t\t\t<div class=\"elementor-price-list-header\">\n\t\t\t\t\t\t\t\t\t\t\t<span class=\"elementor-price-list-title\">\n\t\t\t\t\t\t\tBarrel\t\t\t\t\t\t<\/span>\n\t\t\t\t\t\t\t\t\t\t\t\t\t\t\t\t\t\t\t\t\t\t\t\t<span class=\"elementor-price-list-price\">500L<\/span>\n\t\t\t\t\t\t\t\t\t\t<\/div>\n\t\t\t\t\t\t\t\t\t\t\t\t<\/div>\n\t\t\t\t<\/a><\/li>\t\t\t\t\t\t\t\t\t\t\t\t<li><a class=\"elementor-price-list-item\" href=\"#\">\t\t\t\t\n\t\t\t\t<div class=\"elementor-price-list-text\">\n\t\t\t\t\t\t\t\t\t<div class=\"elementor-price-list-header\">\n\t\t\t\t\t\t\t\t\t\t\t<span class=\"elementor-price-list-title\">\n\t\t\t\t\t\t\tDemi-muids with or without door\t\t\t\t\t\t<\/span>\n\t\t\t\t\t\t\t\t\t\t\t\t\t\t\t\t\t\t\t\t\t\t\t\t<span class=\"elementor-price-list-price\">600L<\/span>\n\t\t\t\t\t\t\t\t\t\t<\/div>\n\t\t\t\t\t\t\t\t\t\t\t\t<\/div>\n\t\t\t\t<\/a><\/li>\t\t\t\t\t\n\t\t<\/ul>\n\n\t\t\t\t\t\t<\/div>\n\t\t\t\t<\/div>\n\t\t\t\t<div class=\"elementor-element elementor-element-abf877d elementor-widget elementor-widget-text-editor\" data-id=\"abf877d\" data-element_type=\"widget\" data-e-type=\"widget\" data-widget_type=\"text-editor.default\">\n\t\t\t\t<div class=\"elementor-widget-container\">\n\t\t\t\t\t\t\t\t\t<p><strong>Origins:<\/strong> Rive Droite or Rive Gauche<\/p>\t\t\t\t\t\t\t\t<\/div>\n\t\t\t\t<\/div>\n\t\t\t\t<\/div>\n\t\t\t\t<\/div>\n\t\t\t\t<\/div>\n\t\t<div class=\"elementor-element elementor-element-c013208 e-con-full e-flex elementor-invisible e-con e-child\" data-id=\"c013208\" data-element_type=\"container\" data-e-type=\"container\" data-settings=\"{&quot;animation&quot;:&quot;fadeInLeft&quot;}\">\n\t\t\t\t<div class=\"elementor-element elementor-element-23bdb8a lato elementor-widget elementor-widget-heading\" data-id=\"23bdb8a\" data-element_type=\"widget\" data-e-type=\"widget\" data-widget_type=\"heading.default\">\n\t\t\t\t<div class=\"elementor-widget-container\">\n\t\t\t\t\t<h4 class=\"elementor-heading-title elementor-size-default\">THE ORIGIN:<\/h4>\t\t\t\t<\/div>\n\t\t\t\t<\/div>\n\t\t\t\t<div class=\"elementor-element elementor-element-9a5f910 elementor-widget elementor-widget-text-editor\" data-id=\"9a5f910\" data-element_type=\"widget\" data-e-type=\"widget\" data-widget_type=\"text-editor.default\">\n\t\t\t\t<div class=\"elementor-widget-container\">\n\t\t\t\t\t\t\t\t\t<p>Inspired by the diversity of wines from one bank of the Rh\u00f4ne river to the other, TONNELLERIE VALLAURINE offers the RIVE DROITE \/ RIVE GAUCHE concept for wines from all over the world, thanks to a carefully selected supply of staves.<\/p><ul><li><strong>RIVE DROITE:<\/strong> tends to bring <strong>structure, sweetness and complexity.<\/strong><\/li><li><strong>LEFT RIVE:<\/strong> preserves <strong>freshness, tension, fruit and minerality.<\/strong><\/li><\/ul><p>Applied to one or the other, the different levels of toasting allow you to personalize your wood ageing.<\/p>\t\t\t\t\t\t\t\t<\/div>\n\t\t\t\t<\/div>\n\t\t\t\t<\/div>\n\t\t\t\t<\/div>\n\t\t\t\t<\/div>\n\t\t","protected":false},"excerpt":{"rendered":"<p>THE INTEGRATION OF THE VALLAURINE BARRELSUNDER DARGAUD &amp; JAEGL\u00c9 A TRADITION PRESERVED, FOR STRENGTHENED INNOVATION Since April 2025, the Vallaurine production has joined the Dargaud et Jaegl\u00e9 group. Initially produced in the Rh\u00f4ne Valley, Vallaurine barrels are now produced in our workplace in Roman\u00e8che-Thorins in Sa\u00f4ne et Loire. TECHNOLOGY AT THE SERVICE OF THE TRADITION<\/p>\n","protected":false},"author":1,"featured_media":3830,"parent":0,"menu_order":0,"comment_status":"closed","ping_status":"closed","template":"","meta":{"_acf_changed":false,"inline_featured_image":false,"footnotes":""},"class_list":["post-3912","page","type-page","status-publish","has-post-thumbnail","hentry"],"acf":[],"yoast_head":"<!-- This site is optimized with the Yoast SEO plugin v27.5 - https:\/\/yoast.com\/product\/yoast-seo-wordpress\/ -->\n<title>Vallaurine - Dargaud &amp; Jaegle<\/title>\n<meta name=\"robots\" content=\"index, follow, max-snippet:-1, max-image-preview:large, max-video-preview:-1\" \/>\n<link rel=\"canonical\" href=\"https:\/\/www.dargaud-jaegle.com\/en\/vallaurine\/\" \/>\n<meta property=\"og:locale\" content=\"en_US\" \/>\n<meta property=\"og:type\" content=\"article\" \/>\n<meta property=\"og:title\" content=\"Vallaurine - Dargaud &amp; Jaegle\" \/>\n<meta property=\"og:description\" content=\"THE INTEGRATION OF THE VALLAURINE BARRELSUNDER DARGAUD &amp; JAEGL\u00c9 A TRADITION PRESERVED, FOR STRENGTHENED INNOVATION Since April 2025, the Vallaurine production has joined the Dargaud et Jaegl\u00e9 group. Initially produced in the Rh\u00f4ne Valley, Vallaurine barrels are now produced in our workplace in Roman\u00e8che-Thorins in Sa\u00f4ne et Loire. TECHNOLOGY AT THE SERVICE OF THE TRADITION\" \/>\n<meta property=\"og:url\" content=\"https:\/\/www.dargaud-jaegle.com\/en\/vallaurine\/\" \/>\n<meta property=\"og:site_name\" content=\"Dargaud &amp; Jaegle\" \/>\n<meta property=\"article:publisher\" content=\"https:\/\/www.facebook.com\/dargaudjaegle\/\" \/>\n<meta property=\"article:modified_time\" content=\"2025-09-16T13:49:00+00:00\" \/>\n<meta property=\"og:image\" content=\"https:\/\/www.dargaud-jaegle.com\/wp-content\/uploads\/2025\/09\/Vallaurine-bandeau.jpg\" \/>\n\t<meta property=\"og:image:width\" content=\"2500\" \/>\n\t<meta property=\"og:image:height\" content=\"823\" \/>\n\t<meta property=\"og:image:type\" content=\"image\/jpeg\" \/>\n<meta name=\"twitter:card\" content=\"summary_large_image\" \/>\n<meta name=\"twitter:label1\" content=\"Est. reading time\" \/>\n\t<meta name=\"twitter:data1\" content=\"1 minute\" \/>\n<script type=\"application\/ld+json\" class=\"yoast-schema-graph\">{\"@context\":\"https:\\\/\\\/schema.org\",\"@graph\":[{\"@type\":\"WebPage\",\"@id\":\"https:\\\/\\\/www.dargaud-jaegle.com\\\/en\\\/vallaurine\\\/\",\"url\":\"https:\\\/\\\/www.dargaud-jaegle.com\\\/en\\\/vallaurine\\\/\",\"name\":\"Vallaurine - Dargaud &amp; Jaegle\",\"isPartOf\":{\"@id\":\"https:\\\/\\\/www.dargaud-jaegle.com\\\/en\\\/#website\"},\"primaryImageOfPage\":{\"@id\":\"https:\\\/\\\/www.dargaud-jaegle.com\\\/en\\\/vallaurine\\\/#primaryimage\"},\"image\":{\"@id\":\"https:\\\/\\\/www.dargaud-jaegle.com\\\/en\\\/vallaurine\\\/#primaryimage\"},\"thumbnailUrl\":\"https:\\\/\\\/www.dargaud-jaegle.com\\\/wp-content\\\/uploads\\\/2025\\\/09\\\/Vallaurine-bandeau.jpg\",\"datePublished\":\"2025-09-10T09:23:15+00:00\",\"dateModified\":\"2025-09-16T13:49:00+00:00\",\"breadcrumb\":{\"@id\":\"https:\\\/\\\/www.dargaud-jaegle.com\\\/en\\\/vallaurine\\\/#breadcrumb\"},\"inLanguage\":\"en-US\",\"potentialAction\":[{\"@type\":\"ReadAction\",\"target\":[\"https:\\\/\\\/www.dargaud-jaegle.com\\\/en\\\/vallaurine\\\/\"]}]},{\"@type\":\"ImageObject\",\"inLanguage\":\"en-US\",\"@id\":\"https:\\\/\\\/www.dargaud-jaegle.com\\\/en\\\/vallaurine\\\/#primaryimage\",\"url\":\"https:\\\/\\\/www.dargaud-jaegle.com\\\/wp-content\\\/uploads\\\/2025\\\/09\\\/Vallaurine-bandeau.jpg\",\"contentUrl\":\"https:\\\/\\\/www.dargaud-jaegle.com\\\/wp-content\\\/uploads\\\/2025\\\/09\\\/Vallaurine-bandeau.jpg\",\"width\":2500,\"height\":823},{\"@type\":\"BreadcrumbList\",\"@id\":\"https:\\\/\\\/www.dargaud-jaegle.com\\\/en\\\/vallaurine\\\/#breadcrumb\",\"itemListElement\":[{\"@type\":\"ListItem\",\"position\":1,\"name\":\"Home page\",\"item\":\"https:\\\/\\\/www.dargaud-jaegle.com\\\/en\\\/people-techniques-and-equipment-to-build-barrels-in-harmony-with-wine\\\/\"},{\"@type\":\"ListItem\",\"position\":2,\"name\":\"Vallaurine\"}]},{\"@type\":\"WebSite\",\"@id\":\"https:\\\/\\\/www.dargaud-jaegle.com\\\/en\\\/#website\",\"url\":\"https:\\\/\\\/www.dargaud-jaegle.com\\\/en\\\/\",\"name\":\"Dargaud & Jaegle\",\"description\":\"Des hommes, des techniques, des mat\u00e9riels, pour bien construire des f\u00fbts en harmonie avec le vin.\\t Des hommes, des techniques, des mat\u00e9riels, pour bien construire des f\u00fbts en harmonie avec le vin.\",\"publisher\":{\"@id\":\"https:\\\/\\\/www.dargaud-jaegle.com\\\/en\\\/#organization\"},\"potentialAction\":[{\"@type\":\"SearchAction\",\"target\":{\"@type\":\"EntryPoint\",\"urlTemplate\":\"https:\\\/\\\/www.dargaud-jaegle.com\\\/en\\\/?s={search_term_string}\"},\"query-input\":{\"@type\":\"PropertyValueSpecification\",\"valueRequired\":true,\"valueName\":\"search_term_string\"}}],\"inLanguage\":\"en-US\"},{\"@type\":\"Organization\",\"@id\":\"https:\\\/\\\/www.dargaud-jaegle.com\\\/en\\\/#organization\",\"name\":\"Dargaud & Jaegle\",\"url\":\"https:\\\/\\\/www.dargaud-jaegle.com\\\/en\\\/\",\"logo\":{\"@type\":\"ImageObject\",\"inLanguage\":\"en-US\",\"@id\":\"https:\\\/\\\/www.dargaud-jaegle.com\\\/en\\\/#\\\/schema\\\/logo\\\/image\\\/\",\"url\":\"https:\\\/\\\/www.dargaud-jaegle.com\\\/wp-content\\\/uploads\\\/2024\\\/04\\\/logo-marron.svg\",\"contentUrl\":\"https:\\\/\\\/www.dargaud-jaegle.com\\\/wp-content\\\/uploads\\\/2024\\\/04\\\/logo-marron.svg\",\"width\":289,\"height\":172,\"caption\":\"Dargaud & Jaegle\"},\"image\":{\"@id\":\"https:\\\/\\\/www.dargaud-jaegle.com\\\/en\\\/#\\\/schema\\\/logo\\\/image\\\/\"},\"sameAs\":[\"https:\\\/\\\/www.facebook.com\\\/dargaudjaegle\\\/\"]}]}<\/script>\n<!-- \/ Yoast SEO plugin. -->","yoast_head_json":{"title":"Vallaurine - Dargaud &amp; Jaegle","robots":{"index":"index","follow":"follow","max-snippet":"max-snippet:-1","max-image-preview":"max-image-preview:large","max-video-preview":"max-video-preview:-1"},"canonical":"https:\/\/www.dargaud-jaegle.com\/en\/vallaurine\/","og_locale":"en_US","og_type":"article","og_title":"Vallaurine - Dargaud &amp; Jaegle","og_description":"THE INTEGRATION OF THE VALLAURINE BARRELSUNDER DARGAUD &amp; JAEGL\u00c9 A TRADITION PRESERVED, FOR STRENGTHENED INNOVATION Since April 2025, the Vallaurine production has joined the Dargaud et Jaegl\u00e9 group. Initially produced in the Rh\u00f4ne Valley, Vallaurine barrels are now produced in our workplace in Roman\u00e8che-Thorins in Sa\u00f4ne et Loire. TECHNOLOGY AT THE SERVICE OF THE TRADITION","og_url":"https:\/\/www.dargaud-jaegle.com\/en\/vallaurine\/","og_site_name":"Dargaud &amp; Jaegle","article_publisher":"https:\/\/www.facebook.com\/dargaudjaegle\/","article_modified_time":"2025-09-16T13:49:00+00:00","og_image":[{"width":2500,"height":823,"url":"https:\/\/www.dargaud-jaegle.com\/wp-content\/uploads\/2025\/09\/Vallaurine-bandeau.jpg","type":"image\/jpeg"}],"twitter_card":"summary_large_image","twitter_misc":{"Est. reading time":"1 minute"},"schema":{"@context":"https:\/\/schema.org","@graph":[{"@type":"WebPage","@id":"https:\/\/www.dargaud-jaegle.com\/en\/vallaurine\/","url":"https:\/\/www.dargaud-jaegle.com\/en\/vallaurine\/","name":"Vallaurine - Dargaud &amp; Jaegle","isPartOf":{"@id":"https:\/\/www.dargaud-jaegle.com\/en\/#website"},"primaryImageOfPage":{"@id":"https:\/\/www.dargaud-jaegle.com\/en\/vallaurine\/#primaryimage"},"image":{"@id":"https:\/\/www.dargaud-jaegle.com\/en\/vallaurine\/#primaryimage"},"thumbnailUrl":"https:\/\/www.dargaud-jaegle.com\/wp-content\/uploads\/2025\/09\/Vallaurine-bandeau.jpg","datePublished":"2025-09-10T09:23:15+00:00","dateModified":"2025-09-16T13:49:00+00:00","breadcrumb":{"@id":"https:\/\/www.dargaud-jaegle.com\/en\/vallaurine\/#breadcrumb"},"inLanguage":"en-US","potentialAction":[{"@type":"ReadAction","target":["https:\/\/www.dargaud-jaegle.com\/en\/vallaurine\/"]}]},{"@type":"ImageObject","inLanguage":"en-US","@id":"https:\/\/www.dargaud-jaegle.com\/en\/vallaurine\/#primaryimage","url":"https:\/\/www.dargaud-jaegle.com\/wp-content\/uploads\/2025\/09\/Vallaurine-bandeau.jpg","contentUrl":"https:\/\/www.dargaud-jaegle.com\/wp-content\/uploads\/2025\/09\/Vallaurine-bandeau.jpg","width":2500,"height":823},{"@type":"BreadcrumbList","@id":"https:\/\/www.dargaud-jaegle.com\/en\/vallaurine\/#breadcrumb","itemListElement":[{"@type":"ListItem","position":1,"name":"Home page","item":"https:\/\/www.dargaud-jaegle.com\/en\/people-techniques-and-equipment-to-build-barrels-in-harmony-with-wine\/"},{"@type":"ListItem","position":2,"name":"Vallaurine"}]},{"@type":"WebSite","@id":"https:\/\/www.dargaud-jaegle.com\/en\/#website","url":"https:\/\/www.dargaud-jaegle.com\/en\/","name":"Dargaud & Jaegle","description":"Des hommes, des techniques, des mat\u00e9riels, pour bien construire des f\u00fbts en harmonie avec le vin.\t Des hommes, des techniques, des mat\u00e9riels, pour bien construire des f\u00fbts en harmonie avec le vin.","publisher":{"@id":"https:\/\/www.dargaud-jaegle.com\/en\/#organization"},"potentialAction":[{"@type":"SearchAction","target":{"@type":"EntryPoint","urlTemplate":"https:\/\/www.dargaud-jaegle.com\/en\/?s={search_term_string}"},"query-input":{"@type":"PropertyValueSpecification","valueRequired":true,"valueName":"search_term_string"}}],"inLanguage":"en-US"},{"@type":"Organization","@id":"https:\/\/www.dargaud-jaegle.com\/en\/#organization","name":"Dargaud & Jaegle","url":"https:\/\/www.dargaud-jaegle.com\/en\/","logo":{"@type":"ImageObject","inLanguage":"en-US","@id":"https:\/\/www.dargaud-jaegle.com\/en\/#\/schema\/logo\/image\/","url":"https:\/\/www.dargaud-jaegle.com\/wp-content\/uploads\/2024\/04\/logo-marron.svg","contentUrl":"https:\/\/www.dargaud-jaegle.com\/wp-content\/uploads\/2024\/04\/logo-marron.svg","width":289,"height":172,"caption":"Dargaud & Jaegle"},"image":{"@id":"https:\/\/www.dargaud-jaegle.com\/en\/#\/schema\/logo\/image\/"},"sameAs":["https:\/\/www.facebook.com\/dargaudjaegle\/"]}]}},"_links":{"self":[{"href":"https:\/\/www.dargaud-jaegle.com\/en\/wp-json\/wp\/v2\/pages\/3912","targetHints":{"allow":["GET"]}}],"collection":[{"href":"https:\/\/www.dargaud-jaegle.com\/en\/wp-json\/wp\/v2\/pages"}],"about":[{"href":"https:\/\/www.dargaud-jaegle.com\/en\/wp-json\/wp\/v2\/types\/page"}],"author":[{"embeddable":true,"href":"https:\/\/www.dargaud-jaegle.com\/en\/wp-json\/wp\/v2\/users\/1"}],"replies":[{"embeddable":true,"href":"https:\/\/www.dargaud-jaegle.com\/en\/wp-json\/wp\/v2\/comments?post=3912"}],"version-history":[{"count":1,"href":"https:\/\/www.dargaud-jaegle.com\/en\/wp-json\/wp\/v2\/pages\/3912\/revisions"}],"predecessor-version":[{"id":3913,"href":"https:\/\/www.dargaud-jaegle.com\/en\/wp-json\/wp\/v2\/pages\/3912\/revisions\/3913"}],"wp:featuredmedia":[{"embeddable":true,"href":"https:\/\/www.dargaud-jaegle.com\/en\/wp-json\/wp\/v2\/media\/3830"}],"wp:attachment":[{"href":"https:\/\/www.dargaud-jaegle.com\/en\/wp-json\/wp\/v2\/media?parent=3912"}],"curies":[{"name":"wp","href":"https:\/\/api.w.org\/{rel}","templated":true}]}}