{"id":3027,"date":"2024-04-09T14:49:23","date_gmt":"2024-04-09T12:49:23","guid":{"rendered":"https:\/\/www.dargaud-jaegle.com\/grandes-envases\/"},"modified":"2025-06-20T10:29:53","modified_gmt":"2025-06-20T08:29:53","slug":"grandes-envases","status":"publish","type":"page","link":"https:\/\/www.dargaud-jaegle.com\/es\/grandes-envases\/","title":{"rendered":"Grandes envases"},"content":{"rendered":"\t\t<div data-elementor-type=\"wp-page\" data-elementor-id=\"3027\" class=\"elementor elementor-3027 elementor-24\" data-elementor-post-type=\"page\">\n\t\t\t\t<div class=\"elementor-element elementor-element-fcd1443 e-grid e-con-full e-con e-parent\" data-id=\"fcd1443\" data-element_type=\"container\" data-e-type=\"container\">\n\t\t<div class=\"elementor-element elementor-element-6982855d e-con-full e-flex elementor-invisible e-con e-child\" data-id=\"6982855d\" data-element_type=\"container\" data-e-type=\"container\" data-settings=\"{&quot;animation&quot;:&quot;fadeInLeft&quot;}\">\n\t\t\t\t<div class=\"elementor-element elementor-element-c4b313d h1 elementor-widget elementor-widget-heading\" data-id=\"c4b313d\" data-element_type=\"widget\" data-e-type=\"widget\" data-widget_type=\"heading.default\">\n\t\t\t\t<div class=\"elementor-widget-container\">\n\t\t\t\t\t<h1 class=\"elementor-heading-title elementor-size-default\">Nuestros productos<\/h1>\t\t\t\t<\/div>\n\t\t\t\t<\/div>\n\t\t\t\t<div class=\"elementor-element elementor-element-1c9ebd16 h2 elementor-widget__width-initial elementor-widget elementor-widget-heading\" data-id=\"1c9ebd16\" data-element_type=\"widget\" data-e-type=\"widget\" data-widget_type=\"heading.default\">\n\t\t\t\t<div class=\"elementor-widget-container\">\n\t\t\t\t\t<h2 class=\"elementor-heading-title elementor-size-default\">Grandes envases<\/h2>\t\t\t\t<\/div>\n\t\t\t\t<\/div>\n\t\t\t\t<div class=\"elementor-element elementor-element-585e63f3 elementor-widget elementor-widget-text-editor\" data-id=\"585e63f3\" data-element_type=\"widget\" data-e-type=\"widget\" data-widget_type=\"text-editor.default\">\n\t\t\t\t<div class=\"elementor-widget-container\">\n\t\t\t\t\t\t\t\t\t<p><strong>Dargaud et Jaegl\u00e9 tambi\u00e9n dispone de medios de producci\u00f3n flexibles dedicados a los grandes envases&nbsp;<\/strong> <strong>a medida<\/strong>, respetando las reglas fundamentales del oficio.<br>Combinamos esta tradici\u00f3n con la innovaci\u00f3n en un taller moderno, <strong>gracias a un proceso de tostado \u00fanica que permite que el vino exprese su fruta, su terru\u00f1o y el estilo del en\u00f3logo.<\/strong><\/p>\t\t\t\t\t\t\t\t<\/div>\n\t\t\t\t<\/div>\n\t\t\t\t<div class=\"elementor-element elementor-element-d25967b elementor-widget elementor-widget-text-editor\" data-id=\"d25967b\" data-element_type=\"widget\" data-e-type=\"widget\" data-widget_type=\"text-editor.default\">\n\t\t\t\t<div class=\"elementor-widget-container\">\n\t\t\t\t\t\t\t\t\t<p>Producci\u00f3n a medida<\/p>\t\t\t\t\t\t\t\t<\/div>\n\t\t\t\t<\/div>\n\t\t\t\t<div class=\"elementor-element elementor-element-c7fd398 elementor-widget elementor-widget-text-editor\" data-id=\"c7fd398\" data-element_type=\"widget\" data-e-type=\"widget\" data-widget_type=\"text-editor.default\">\n\t\t\t\t<div class=\"elementor-widget-container\">\n\t\t\t\t\t\t\t\t\t<p><strong>Modularidad basado en las necesidades y limitaciones de nuestros clientes<\/strong> (espacio disponible en las bodegas, geometr\u00eda y est\u00e9tica de los grandes envases existentes para garantizar la coherencia visual en toda la bodega, etc.).<\/p><p><strong>Un Referenciaci\u00f3n digital de todas nuestras duelas para poder sustituirlas a lo largo de la vida<\/strong> de nuestras barricas o cubas mediante herramientas de producci\u00f3n digital innovadoras y exclusivas.<\/p>\t\t\t\t\t\t\t\t<\/div>\n\t\t\t\t<\/div>\n\t\t\t\t<div class=\"elementor-element elementor-element-6ecb0c9 elementor-widget elementor-widget-button\" data-id=\"6ecb0c9\" data-element_type=\"widget\" data-e-type=\"widget\" data-widget_type=\"button.default\">\n\t\t\t\t<div class=\"elementor-widget-container\">\n\t\t\t\t\t\t\t\t\t<div class=\"elementor-button-wrapper\">\n\t\t\t\t\t<a class=\"elementor-button elementor-button-link elementor-size-sm\" href=\"https:\/\/www.dargaud-jaegle.com\/wp-content\/uploads\/2025\/06\/DJ-Catalogue-ES.pdf\" target=\"_blank\">\n\t\t\t\t\t\t<span class=\"elementor-button-content-wrapper\">\n\t\t\t\t\t\t\t\t\t<span class=\"elementor-button-text\">Nuestro cat\u00e1logo.<\/span>\n\t\t\t\t\t<\/span>\n\t\t\t\t\t<\/a>\n\t\t\t\t<\/div>\n\t\t\t\t\t\t\t\t<\/div>\n\t\t\t\t<\/div>\n\t\t\t\t<\/div>\n\t\t\t\t<div class=\"elementor-element elementor-element-a7e12d4 elementor-widget__width-auto elementor-invisible elementor-widget elementor-widget-image\" data-id=\"a7e12d4\" data-element_type=\"widget\" data-e-type=\"widget\" data-settings=\"{&quot;_animation&quot;:&quot;fadeInRight&quot;}\" data-widget_type=\"image.default\">\n\t\t\t\t<div class=\"elementor-widget-container\">\n\t\t\t\t\t\t\t\t\t\t\t\t\t\t\t<img fetchpriority=\"high\" decoding=\"async\" width=\"723\" height=\"812\" src=\"https:\/\/www.dargaud-jaegle.com\/wp-content\/uploads\/2024\/04\/GRANDS-1.jpg\" class=\"attachment-full size-full wp-image-2133\" alt=\"Photo d&#039;une cave avec des foudres fabriqu\u00e9s par Dargaud &amp; Jaegle\" \/>\t\t\t\t\t\t\t\t\t\t\t\t\t\t\t<\/div>\n\t\t\t\t<\/div>\n\t\t\t\t<\/div>\n\t\t<div class=\"elementor-element elementor-element-7dcea0a pe-none e-flex e-con-boxed e-con e-parent\" data-id=\"7dcea0a\" data-element_type=\"container\" data-e-type=\"container\">\n\t\t\t\t\t<div class=\"e-con-inner\">\n\t\t\t\t<div class=\"elementor-element elementor-element-d775726 fs-25 elementor-widget elementor-widget-text-editor\" data-id=\"d775726\" data-element_type=\"widget\" data-e-type=\"widget\" data-widget_type=\"text-editor.default\">\n\t\t\t\t<div class=\"elementor-widget-container\">\n\t\t\t\t\t\t\t\t\t<p><em>Apoyo a nuestros clientes, <\/em><br><em>desde el proyecto inicial hasta la puesta en marcha, <\/em><br><em>para que puedan beneficiarse de nuestra experiencia. <\/em> <\/p>\t\t\t\t\t\t\t\t<\/div>\n\t\t\t\t<\/div>\n\t\t<div class=\"elementor-element elementor-element-149b2a4 e-con-full e-flex e-con e-child\" data-id=\"149b2a4\" data-element_type=\"container\" data-e-type=\"container\" data-settings=\"{&quot;background_background&quot;:&quot;classic&quot;}\">\n\t\t\t\t<div class=\"elementor-element elementor-element-3e72cd1 elementor-widget elementor-widget-text-editor\" data-id=\"3e72cd1\" data-element_type=\"widget\" data-e-type=\"widget\" data-widget_type=\"text-editor.default\">\n\t\t\t\t<div class=\"elementor-widget-container\">\n\t\t\t\t\t\t\t\t\t<p><strong>Tambi\u00e9n ofrecemos una configuraci\u00f3n y accesorios adaptados a las necesidades de cada proyecto<\/strong>, as\u00ed como la personalizaci\u00f3n del gran contenedor con:<br>\u2022 Grifer\u00eda<br>\u2022 Control t\u00e9rmico<br>\u2022 Aforo<br>\u2022 Puertas y escotillas<br>\u2022 Fondo superior de acero inoxidable para cubas<br>\u2022 \u2026<\/p>\t\t\t\t\t\t\t\t<\/div>\n\t\t\t\t<\/div>\n\t\t\t\t<\/div>\n\t\t\t\t\t<\/div>\n\t\t\t\t<\/div>\n\t\t<div class=\"elementor-element elementor-element-f5984d2 e-con-full e-flex e-con e-parent\" data-id=\"f5984d2\" data-element_type=\"container\" data-e-type=\"container\">\n\t\t\t\t<div class=\"elementor-element elementor-element-1a1bca5 elementor-invisible elementor-widget elementor-widget-image\" data-id=\"1a1bca5\" data-element_type=\"widget\" data-e-type=\"widget\" data-settings=\"{&quot;_animation&quot;:&quot;fadeInUp&quot;}\" data-widget_type=\"image.default\">\n\t\t\t\t<div class=\"elementor-widget-container\">\n\t\t\t\t\t\t\t\t\t\t\t\t\t\t\t<img decoding=\"async\" width=\"380\" height=\"250\" src=\"https:\/\/www.dargaud-jaegle.com\/wp-content\/uploads\/2024\/04\/GRANDS-2.jpg\" class=\"attachment-full size-full wp-image-2136\" alt=\"Vue sur des foudres par Dargaud &amp; Jaegle\" \/>\t\t\t\t\t\t\t\t\t\t\t\t\t\t\t<\/div>\n\t\t\t\t<\/div>\n\t\t\t\t<\/div>\n\t\t\t\t<\/div>\n\t\t","protected":false},"excerpt":{"rendered":"<p>Nuestros productos Grandes envases Dargaud et Jaegl\u00e9 tambi\u00e9n dispone de medios de producci\u00f3n flexibles dedicados a los grandes envases&nbsp; a medida, respetando las reglas fundamentales del oficio.Combinamos esta tradici\u00f3n con la innovaci\u00f3n en un taller moderno, gracias a un proceso de tostado \u00fanica que permite que el vino exprese su fruta, su terru\u00f1o y el<\/p>\n","protected":false},"author":1,"featured_media":2130,"parent":0,"menu_order":5,"comment_status":"closed","ping_status":"closed","template":"","meta":{"_acf_changed":false,"inline_featured_image":false,"footnotes":""},"class_list":["post-3027","page","type-page","status-publish","has-post-thumbnail","hentry"],"acf":[],"yoast_head":"<!-- This site is optimized with the Yoast SEO plugin v27.5 - https:\/\/yoast.com\/product\/yoast-seo-wordpress\/ -->\n<title>Grandes envases - Dargaud &amp; Jaegle<\/title>\n<meta name=\"description\" content=\"Dargaud et Jaegl\u00e9 tambi\u00e9n dispone de medios de producci\u00f3n flexibles dedicados a los grandes envases a medida, respetando las reglas fundamentales del oficio.\" \/>\n<meta name=\"robots\" content=\"index, follow, max-snippet:-1, max-image-preview:large, max-video-preview:-1\" \/>\n<link rel=\"canonical\" href=\"https:\/\/www.dargaud-jaegle.com\/es\/grandes-envases\/\" \/>\n<meta property=\"og:locale\" content=\"es_ES\" \/>\n<meta property=\"og:type\" content=\"article\" \/>\n<meta property=\"og:title\" content=\"Grandes envases - Dargaud &amp; Jaegle\" \/>\n<meta property=\"og:description\" content=\"Dargaud et Jaegl\u00e9 tambi\u00e9n dispone de medios de producci\u00f3n flexibles dedicados a los grandes envases a medida, respetando las reglas fundamentales del oficio.\" \/>\n<meta property=\"og:url\" content=\"https:\/\/www.dargaud-jaegle.com\/es\/grandes-envases\/\" \/>\n<meta property=\"og:site_name\" content=\"Dargaud &amp; Jaegle\" \/>\n<meta property=\"article:publisher\" content=\"https:\/\/www.facebook.com\/dargaudjaegle\/\" \/>\n<meta property=\"article:modified_time\" content=\"2025-06-20T08:29:53+00:00\" \/>\n<meta property=\"og:image\" content=\"https:\/\/www.dargaud-jaegle.com\/wp-content\/uploads\/2024\/04\/header-grands-contenants.jpg\" \/>\n\t<meta property=\"og:image:width\" content=\"2400\" \/>\n\t<meta property=\"og:image:height\" content=\"632\" \/>\n\t<meta property=\"og:image:type\" content=\"image\/jpeg\" \/>\n<meta name=\"twitter:card\" content=\"summary_large_image\" \/>\n<meta name=\"twitter:label1\" content=\"Tiempo de lectura\" \/>\n\t<meta name=\"twitter:data1\" content=\"1 minuto\" \/>\n<script type=\"application\/ld+json\" class=\"yoast-schema-graph\">{\"@context\":\"https:\\\/\\\/schema.org\",\"@graph\":[{\"@type\":\"WebPage\",\"@id\":\"https:\\\/\\\/www.dargaud-jaegle.com\\\/es\\\/grandes-envases\\\/\",\"url\":\"https:\\\/\\\/www.dargaud-jaegle.com\\\/es\\\/grandes-envases\\\/\",\"name\":\"Grandes envases - Dargaud &amp; Jaegle\",\"isPartOf\":{\"@id\":\"https:\\\/\\\/www.dargaud-jaegle.com\\\/es\\\/#website\"},\"primaryImageOfPage\":{\"@id\":\"https:\\\/\\\/www.dargaud-jaegle.com\\\/es\\\/grandes-envases\\\/#primaryimage\"},\"image\":{\"@id\":\"https:\\\/\\\/www.dargaud-jaegle.com\\\/es\\\/grandes-envases\\\/#primaryimage\"},\"thumbnailUrl\":\"https:\\\/\\\/www.dargaud-jaegle.com\\\/wp-content\\\/uploads\\\/2024\\\/04\\\/header-grands-contenants.jpg\",\"datePublished\":\"2024-04-09T12:49:23+00:00\",\"dateModified\":\"2025-06-20T08:29:53+00:00\",\"description\":\"Dargaud et Jaegl\u00e9 tambi\u00e9n dispone de medios de producci\u00f3n flexibles dedicados a los grandes envases a medida, respetando las reglas fundamentales del oficio.\",\"breadcrumb\":{\"@id\":\"https:\\\/\\\/www.dargaud-jaegle.com\\\/es\\\/grandes-envases\\\/#breadcrumb\"},\"inLanguage\":\"es\",\"potentialAction\":[{\"@type\":\"ReadAction\",\"target\":[\"https:\\\/\\\/www.dargaud-jaegle.com\\\/es\\\/grandes-envases\\\/\"]}]},{\"@type\":\"ImageObject\",\"inLanguage\":\"es\",\"@id\":\"https:\\\/\\\/www.dargaud-jaegle.com\\\/es\\\/grandes-envases\\\/#primaryimage\",\"url\":\"https:\\\/\\\/www.dargaud-jaegle.com\\\/wp-content\\\/uploads\\\/2024\\\/04\\\/header-grands-contenants.jpg\",\"contentUrl\":\"https:\\\/\\\/www.dargaud-jaegle.com\\\/wp-content\\\/uploads\\\/2024\\\/04\\\/header-grands-contenants.jpg\",\"width\":2400,\"height\":632},{\"@type\":\"BreadcrumbList\",\"@id\":\"https:\\\/\\\/www.dargaud-jaegle.com\\\/es\\\/grandes-envases\\\/#breadcrumb\",\"itemListElement\":[{\"@type\":\"ListItem\",\"position\":1,\"name\":\"Pagina de inicio\",\"item\":\"https:\\\/\\\/www.dargaud-jaegle.com\\\/es\\\/\"},{\"@type\":\"ListItem\",\"position\":2,\"name\":\"Grandes envases\"}]},{\"@type\":\"WebSite\",\"@id\":\"https:\\\/\\\/www.dargaud-jaegle.com\\\/es\\\/#website\",\"url\":\"https:\\\/\\\/www.dargaud-jaegle.com\\\/es\\\/\",\"name\":\"Dargaud & Jaegle\",\"description\":\"Des hommes, des techniques, des mat\u00e9riels, pour bien construire des f\u00fbts en harmonie avec le vin.\\t Des hommes, des techniques, des mat\u00e9riels, pour bien construire des f\u00fbts en harmonie avec le vin.\",\"publisher\":{\"@id\":\"https:\\\/\\\/www.dargaud-jaegle.com\\\/es\\\/#organization\"},\"potentialAction\":[{\"@type\":\"SearchAction\",\"target\":{\"@type\":\"EntryPoint\",\"urlTemplate\":\"https:\\\/\\\/www.dargaud-jaegle.com\\\/es\\\/?s={search_term_string}\"},\"query-input\":{\"@type\":\"PropertyValueSpecification\",\"valueRequired\":true,\"valueName\":\"search_term_string\"}}],\"inLanguage\":\"es\"},{\"@type\":\"Organization\",\"@id\":\"https:\\\/\\\/www.dargaud-jaegle.com\\\/es\\\/#organization\",\"name\":\"Dargaud & Jaegle\",\"url\":\"https:\\\/\\\/www.dargaud-jaegle.com\\\/es\\\/\",\"logo\":{\"@type\":\"ImageObject\",\"inLanguage\":\"es\",\"@id\":\"https:\\\/\\\/www.dargaud-jaegle.com\\\/es\\\/#\\\/schema\\\/logo\\\/image\\\/\",\"url\":\"https:\\\/\\\/www.dargaud-jaegle.com\\\/wp-content\\\/uploads\\\/2024\\\/04\\\/logo-marron.svg\",\"contentUrl\":\"https:\\\/\\\/www.dargaud-jaegle.com\\\/wp-content\\\/uploads\\\/2024\\\/04\\\/logo-marron.svg\",\"width\":289,\"height\":172,\"caption\":\"Dargaud & Jaegle\"},\"image\":{\"@id\":\"https:\\\/\\\/www.dargaud-jaegle.com\\\/es\\\/#\\\/schema\\\/logo\\\/image\\\/\"},\"sameAs\":[\"https:\\\/\\\/www.facebook.com\\\/dargaudjaegle\\\/\"]}]}<\/script>\n<!-- \/ Yoast SEO plugin. -->","yoast_head_json":{"title":"Grandes envases - Dargaud &amp; Jaegle","description":"Dargaud et Jaegl\u00e9 tambi\u00e9n dispone de medios de producci\u00f3n flexibles dedicados a los grandes envases a medida, respetando las reglas fundamentales del oficio.","robots":{"index":"index","follow":"follow","max-snippet":"max-snippet:-1","max-image-preview":"max-image-preview:large","max-video-preview":"max-video-preview:-1"},"canonical":"https:\/\/www.dargaud-jaegle.com\/es\/grandes-envases\/","og_locale":"es_ES","og_type":"article","og_title":"Grandes envases - Dargaud &amp; Jaegle","og_description":"Dargaud et Jaegl\u00e9 tambi\u00e9n dispone de medios de producci\u00f3n flexibles dedicados a los grandes envases a medida, respetando las reglas fundamentales del oficio.","og_url":"https:\/\/www.dargaud-jaegle.com\/es\/grandes-envases\/","og_site_name":"Dargaud &amp; Jaegle","article_publisher":"https:\/\/www.facebook.com\/dargaudjaegle\/","article_modified_time":"2025-06-20T08:29:53+00:00","og_image":[{"width":2400,"height":632,"url":"https:\/\/www.dargaud-jaegle.com\/wp-content\/uploads\/2024\/04\/header-grands-contenants.jpg","type":"image\/jpeg"}],"twitter_card":"summary_large_image","twitter_misc":{"Tiempo de lectura":"1 minuto"},"schema":{"@context":"https:\/\/schema.org","@graph":[{"@type":"WebPage","@id":"https:\/\/www.dargaud-jaegle.com\/es\/grandes-envases\/","url":"https:\/\/www.dargaud-jaegle.com\/es\/grandes-envases\/","name":"Grandes envases - Dargaud &amp; Jaegle","isPartOf":{"@id":"https:\/\/www.dargaud-jaegle.com\/es\/#website"},"primaryImageOfPage":{"@id":"https:\/\/www.dargaud-jaegle.com\/es\/grandes-envases\/#primaryimage"},"image":{"@id":"https:\/\/www.dargaud-jaegle.com\/es\/grandes-envases\/#primaryimage"},"thumbnailUrl":"https:\/\/www.dargaud-jaegle.com\/wp-content\/uploads\/2024\/04\/header-grands-contenants.jpg","datePublished":"2024-04-09T12:49:23+00:00","dateModified":"2025-06-20T08:29:53+00:00","description":"Dargaud et Jaegl\u00e9 tambi\u00e9n dispone de medios de producci\u00f3n flexibles dedicados a los grandes envases a medida, respetando las reglas fundamentales del oficio.","breadcrumb":{"@id":"https:\/\/www.dargaud-jaegle.com\/es\/grandes-envases\/#breadcrumb"},"inLanguage":"es","potentialAction":[{"@type":"ReadAction","target":["https:\/\/www.dargaud-jaegle.com\/es\/grandes-envases\/"]}]},{"@type":"ImageObject","inLanguage":"es","@id":"https:\/\/www.dargaud-jaegle.com\/es\/grandes-envases\/#primaryimage","url":"https:\/\/www.dargaud-jaegle.com\/wp-content\/uploads\/2024\/04\/header-grands-contenants.jpg","contentUrl":"https:\/\/www.dargaud-jaegle.com\/wp-content\/uploads\/2024\/04\/header-grands-contenants.jpg","width":2400,"height":632},{"@type":"BreadcrumbList","@id":"https:\/\/www.dargaud-jaegle.com\/es\/grandes-envases\/#breadcrumb","itemListElement":[{"@type":"ListItem","position":1,"name":"Pagina de inicio","item":"https:\/\/www.dargaud-jaegle.com\/es\/"},{"@type":"ListItem","position":2,"name":"Grandes envases"}]},{"@type":"WebSite","@id":"https:\/\/www.dargaud-jaegle.com\/es\/#website","url":"https:\/\/www.dargaud-jaegle.com\/es\/","name":"Dargaud & Jaegle","description":"Des hommes, des techniques, des mat\u00e9riels, pour bien construire des f\u00fbts en harmonie avec le vin.\t Des hommes, des techniques, des mat\u00e9riels, pour bien construire des f\u00fbts en harmonie avec le vin.","publisher":{"@id":"https:\/\/www.dargaud-jaegle.com\/es\/#organization"},"potentialAction":[{"@type":"SearchAction","target":{"@type":"EntryPoint","urlTemplate":"https:\/\/www.dargaud-jaegle.com\/es\/?s={search_term_string}"},"query-input":{"@type":"PropertyValueSpecification","valueRequired":true,"valueName":"search_term_string"}}],"inLanguage":"es"},{"@type":"Organization","@id":"https:\/\/www.dargaud-jaegle.com\/es\/#organization","name":"Dargaud & Jaegle","url":"https:\/\/www.dargaud-jaegle.com\/es\/","logo":{"@type":"ImageObject","inLanguage":"es","@id":"https:\/\/www.dargaud-jaegle.com\/es\/#\/schema\/logo\/image\/","url":"https:\/\/www.dargaud-jaegle.com\/wp-content\/uploads\/2024\/04\/logo-marron.svg","contentUrl":"https:\/\/www.dargaud-jaegle.com\/wp-content\/uploads\/2024\/04\/logo-marron.svg","width":289,"height":172,"caption":"Dargaud & Jaegle"},"image":{"@id":"https:\/\/www.dargaud-jaegle.com\/es\/#\/schema\/logo\/image\/"},"sameAs":["https:\/\/www.facebook.com\/dargaudjaegle\/"]}]}},"_links":{"self":[{"href":"https:\/\/www.dargaud-jaegle.com\/es\/wp-json\/wp\/v2\/pages\/3027","targetHints":{"allow":["GET"]}}],"collection":[{"href":"https:\/\/www.dargaud-jaegle.com\/es\/wp-json\/wp\/v2\/pages"}],"about":[{"href":"https:\/\/www.dargaud-jaegle.com\/es\/wp-json\/wp\/v2\/types\/page"}],"author":[{"embeddable":true,"href":"https:\/\/www.dargaud-jaegle.com\/es\/wp-json\/wp\/v2\/users\/1"}],"replies":[{"embeddable":true,"href":"https:\/\/www.dargaud-jaegle.com\/es\/wp-json\/wp\/v2\/comments?post=3027"}],"version-history":[{"count":8,"href":"https:\/\/www.dargaud-jaegle.com\/es\/wp-json\/wp\/v2\/pages\/3027\/revisions"}],"predecessor-version":[{"id":3738,"href":"https:\/\/www.dargaud-jaegle.com\/es\/wp-json\/wp\/v2\/pages\/3027\/revisions\/3738"}],"wp:featuredmedia":[{"embeddable":true,"href":"https:\/\/www.dargaud-jaegle.com\/es\/wp-json\/wp\/v2\/media\/2130"}],"wp:attachment":[{"href":"https:\/\/www.dargaud-jaegle.com\/es\/wp-json\/wp\/v2\/media?parent=3027"}],"curies":[{"name":"wp","href":"https:\/\/api.w.org\/{rel}","templated":true}]}}