{"id":3029,"date":"2024-04-09T14:49:35","date_gmt":"2024-04-09T12:49:35","guid":{"rendered":"https:\/\/www.dargaud-jaegle.com\/otros-productos-y-servicios\/"},"modified":"2025-06-20T09:57:33","modified_gmt":"2025-06-20T07:57:33","slug":"otros-productos-y-servicios","status":"publish","type":"page","link":"https:\/\/www.dargaud-jaegle.com\/es\/otros-productos-y-servicios\/","title":{"rendered":"Nuestros servicios"},"content":{"rendered":"\t\t<div data-elementor-type=\"wp-page\" data-elementor-id=\"3029\" class=\"elementor elementor-3029 elementor-26\" data-elementor-post-type=\"page\">\n\t\t\t\t<div class=\"elementor-element elementor-element-2667dbfb e-grid e-con-full e-con e-parent\" data-id=\"2667dbfb\" data-element_type=\"container\">\n\t\t<div class=\"elementor-element elementor-element-bb4cc1 e-con-full e-flex elementor-invisible e-con e-child\" data-id=\"bb4cc1\" data-element_type=\"container\" data-settings=\"{&quot;animation&quot;:&quot;fadeInLeft&quot;}\">\n\t\t\t\t<div class=\"elementor-element elementor-element-5e475bdd h2 elementor-widget elementor-widget-heading\" data-id=\"5e475bdd\" data-element_type=\"widget\" data-widget_type=\"heading.default\">\n\t\t\t\t<div class=\"elementor-widget-container\">\n\t\t\t\t\t<h2 class=\"elementor-heading-title elementor-size-default\">Nuestros servicios<\/h2>\t\t\t\t<\/div>\n\t\t\t\t<\/div>\n\t\t\t\t<div class=\"elementor-element elementor-element-410fb118 elementor-widget elementor-widget-text-editor\" data-id=\"410fb118\" data-element_type=\"widget\" data-widget_type=\"text-editor.default\">\n\t\t\t\t<div class=\"elementor-widget-container\">\n\t\t\t\t\t\t\t\t\t<p><strong>Tambi\u00e9n ofrecemos una gama de servicios para ayudar a nuestros clientes a mantener, renovar y optimizar la vida \u00fatil de sus envases<\/strong> Dargaud &amp; Jaegl\u00e9 y Vallaurine.<br>Si tiene alguna petici\u00f3n espec\u00edfica, p\u00f3ngase en contacto con nosotros para comentarla.<\/p>\t\t\t\t\t\t\t\t<\/div>\n\t\t\t\t<\/div>\n\t\t\t\t<\/div>\n\t\t\t\t<div class=\"elementor-element elementor-element-16a53411 elementor-widget__width-auto elementor-invisible elementor-widget elementor-widget-image\" data-id=\"16a53411\" data-element_type=\"widget\" data-settings=\"{&quot;_animation&quot;:&quot;fadeInRight&quot;}\" data-widget_type=\"image.default\">\n\t\t\t\t<div class=\"elementor-widget-container\">\n\t\t\t\t\t\t\t\t\t\t\t\t\t\t\t<img fetchpriority=\"high\" decoding=\"async\" width=\"723\" height=\"590\" src=\"https:\/\/www.dargaud-jaegle.com\/wp-content\/uploads\/2024\/04\/Autres.jpg\" class=\"attachment-full size-full wp-image-2142\" alt=\"Photo de contenants fabriqu\u00e9s par Dargaud &amp; Jaegle ou de petite tonnellerie\" \/>\t\t\t\t\t\t\t\t\t\t\t\t\t\t\t<\/div>\n\t\t\t\t<\/div>\n\t\t\t\t<\/div>\n\t\t<div class=\"elementor-element elementor-element-05ea0f8 e-con-full e-flex e-con e-parent\" data-id=\"05ea0f8\" data-element_type=\"container\">\n\t\t\t\t<div class=\"elementor-element elementor-element-263cd1f fs-23 elementor-widget elementor-widget-text-editor\" data-id=\"263cd1f\" data-element_type=\"widget\" data-widget_type=\"text-editor.default\">\n\t\t\t\t<div class=\"elementor-widget-container\">\n\t\t\t\t\t\t\t\t\t<p><strong>Nuestros servicios<\/strong><\/p>\t\t\t\t\t\t\t\t<\/div>\n\t\t\t\t<\/div>\n\t\t<div class=\"elementor-element elementor-element-912a4a2 e-grid e-con-boxed e-con e-child\" data-id=\"912a4a2\" data-element_type=\"container\">\n\t\t\t\t\t<div class=\"e-con-inner\">\n\t\t<div class=\"elementor-element elementor-element-e0bdd09 traits-haut-et-bas e-flex e-con-boxed elementor-invisible e-con e-child\" data-id=\"e0bdd09\" data-element_type=\"container\" data-settings=\"{&quot;animation&quot;:&quot;fadeInUp&quot;}\">\n\t\t\t\t\t<div class=\"e-con-inner\">\n\t\t\t\t<div class=\"elementor-element elementor-element-80bedad elementor-widget elementor-widget-text-editor\" data-id=\"80bedad\" data-element_type=\"widget\" data-widget_type=\"text-editor.default\">\n\t\t\t\t<div class=\"elementor-widget-container\">\n\t\t\t\t\t\t\t\t\t<p>Servicio<br>posventa<\/p>\t\t\t\t\t\t\t\t<\/div>\n\t\t\t\t<\/div>\n\t\t\t\t<div class=\"elementor-element elementor-element-08c878b elementor-widget elementor-widget-text-editor\" data-id=\"08c878b\" data-element_type=\"widget\" data-widget_type=\"text-editor.default\">\n\t\t\t\t<div class=\"elementor-widget-container\">\n\t\t\t\t\t\t\t\t\t<p>Nuestros equipos t\u00e9cnicos le visitar\u00e1n para diagnosticar cualquier problema con su contenedor y tomar medidas correctivas o proponer un plan de acci\u00f3n.<\/p>\t\t\t\t\t\t\t\t<\/div>\n\t\t\t\t<\/div>\n\t\t\t\t\t<\/div>\n\t\t\t\t<\/div>\n\t\t<div class=\"elementor-element elementor-element-79912bb traits-haut-et-bas e-flex e-con-boxed elementor-invisible e-con e-child\" data-id=\"79912bb\" data-element_type=\"container\" data-settings=\"{&quot;animation&quot;:&quot;fadeInUp&quot;}\">\n\t\t\t\t\t<div class=\"e-con-inner\">\n\t\t\t\t<div class=\"elementor-element elementor-element-e6456e1 elementor-widget elementor-widget-text-editor\" data-id=\"e6456e1\" data-element_type=\"widget\" data-widget_type=\"text-editor.default\">\n\t\t\t\t<div class=\"elementor-widget-container\">\n\t\t\t\t\t\t\t\t\t<p>Venta de barricas de ocasi\u00f3n<\/p>\t\t\t\t\t\t\t\t<\/div>\n\t\t\t\t<\/div>\n\t\t\t\t<div class=\"elementor-element elementor-element-ac2a786 elementor-widget elementor-widget-text-editor\" data-id=\"ac2a786\" data-element_type=\"widget\" data-widget_type=\"text-editor.default\">\n\t\t\t\t<div class=\"elementor-widget-container\">\n\t\t\t\t\t\t\t\t\t<p>Ofrecemos barricas de ocasi\u00f3n procedentes de bodegas colaboradoras de confianza. <br>Estas barricas se revisan y limpian en nuestros talleres antes de ponerlos a su disposici\u00f3n. <br><em>Seg\u00fan disponibilidad.<\/em><\/p>\t\t\t\t\t\t\t\t<\/div>\n\t\t\t\t<\/div>\n\t\t\t\t\t<\/div>\n\t\t\t\t<\/div>\n\t\t<div class=\"elementor-element elementor-element-95aa62e traits-haut-et-bas e-flex e-con-boxed elementor-invisible e-con e-child\" data-id=\"95aa62e\" data-element_type=\"container\" data-settings=\"{&quot;animation&quot;:&quot;fadeInUp&quot;}\">\n\t\t\t\t\t<div class=\"e-con-inner\">\n\t\t\t\t<div class=\"elementor-element elementor-element-7f1f6e9 elementor-widget elementor-widget-text-editor\" data-id=\"7f1f6e9\" data-element_type=\"widget\" data-widget_type=\"text-editor.default\">\n\t\t\t\t<div class=\"elementor-widget-container\">\n\t\t\t\t\t\t\t\t\t<p>Servicios de limpieza<br>y reparaci\u00f3n para su flota<\/p>\t\t\t\t\t\t\t\t<\/div>\n\t\t\t\t<\/div>\n\t\t\t\t<div class=\"elementor-element elementor-element-7fe61d2 elementor-widget elementor-widget-text-editor\" data-id=\"7fe61d2\" data-element_type=\"widget\" data-widget_type=\"text-editor.default\">\n\t\t\t\t<div class=\"elementor-widget-container\">\n\t\t\t\t\t\t\t\t\t<p>En nuestros talleres, limpiamos y reparamos sus barricas D&amp;J siguiendo estrictas especificaciones, para que pueda volver a utilizarlos con tranquilidad y prolongar su vida \u00fatil.<\/p>\t\t\t\t\t\t\t\t<\/div>\n\t\t\t\t<\/div>\n\t\t\t\t\t<\/div>\n\t\t\t\t<\/div>\n\t\t\t\t\t<\/div>\n\t\t\t\t<\/div>\n\t\t\t\t<\/div>\n\t\t\t\t<\/div>\n\t\t","protected":false},"excerpt":{"rendered":"<p>Nuestros servicios Tambi\u00e9n ofrecemos una gama de servicios para ayudar a nuestros clientes a mantener, renovar y optimizar la vida \u00fatil de sus envases Dargaud &amp; Jaegl\u00e9 y Vallaurine.Si tiene alguna petici\u00f3n espec\u00edfica, p\u00f3ngase en contacto con nosotros para comentarla. Nuestros servicios Servicioposventa Nuestros equipos t\u00e9cnicos le visitar\u00e1n para diagnosticar cualquier problema con su contenedor<\/p>\n","protected":false},"author":1,"featured_media":2139,"parent":0,"menu_order":6,"comment_status":"closed","ping_status":"closed","template":"","meta":{"_acf_changed":false,"inline_featured_image":false,"footnotes":""},"class_list":["post-3029","page","type-page","status-publish","has-post-thumbnail","hentry"],"acf":[],"yoast_head":"<!-- This site is optimized with the Yoast SEO plugin v27.4 - https:\/\/yoast.com\/product\/yoast-seo-wordpress\/ -->\n<title>Nuestros servicios - Dargaud &amp; Jaegle<\/title>\n<meta name=\"description\" content=\"Descubra nuestros otros servicios y prestaciones para sus barricas (renovaci\u00f3n, personalizaci\u00f3n, servicio postventa, de segunda mano, etc.).\" \/>\n<meta name=\"robots\" content=\"index, follow, max-snippet:-1, max-image-preview:large, max-video-preview:-1\" \/>\n<link rel=\"canonical\" href=\"https:\/\/www.dargaud-jaegle.com\/es\/otros-productos-y-servicios\/\" \/>\n<meta property=\"og:locale\" content=\"es_ES\" \/>\n<meta property=\"og:type\" content=\"article\" \/>\n<meta property=\"og:title\" content=\"Nuestros servicios - Dargaud &amp; Jaegle\" \/>\n<meta property=\"og:description\" content=\"Descubra nuestros otros servicios y prestaciones para sus barricas (renovaci\u00f3n, personalizaci\u00f3n, servicio postventa, de segunda mano, etc.).\" \/>\n<meta property=\"og:url\" content=\"https:\/\/www.dargaud-jaegle.com\/es\/otros-productos-y-servicios\/\" \/>\n<meta property=\"og:site_name\" content=\"Dargaud &amp; Jaegle\" \/>\n<meta property=\"article:publisher\" content=\"https:\/\/www.facebook.com\/dargaudjaegle\/\" \/>\n<meta property=\"article:modified_time\" content=\"2025-06-20T07:57:33+00:00\" \/>\n<meta property=\"og:image\" content=\"https:\/\/www.dargaud-jaegle.com\/wp-content\/uploads\/2024\/04\/header-autres-solutions.jpg\" \/>\n\t<meta property=\"og:image:width\" content=\"2400\" \/>\n\t<meta property=\"og:image:height\" content=\"632\" \/>\n\t<meta property=\"og:image:type\" content=\"image\/jpeg\" \/>\n<meta name=\"twitter:card\" content=\"summary_large_image\" \/>\n<meta name=\"twitter:label1\" content=\"Tiempo de lectura\" \/>\n\t<meta name=\"twitter:data1\" content=\"1 minuto\" \/>\n<script type=\"application\/ld+json\" class=\"yoast-schema-graph\">{\"@context\":\"https:\\\/\\\/schema.org\",\"@graph\":[{\"@type\":\"WebPage\",\"@id\":\"https:\\\/\\\/www.dargaud-jaegle.com\\\/es\\\/otros-productos-y-servicios\\\/\",\"url\":\"https:\\\/\\\/www.dargaud-jaegle.com\\\/es\\\/otros-productos-y-servicios\\\/\",\"name\":\"Nuestros servicios - Dargaud &amp; Jaegle\",\"isPartOf\":{\"@id\":\"https:\\\/\\\/www.dargaud-jaegle.com\\\/es\\\/#website\"},\"primaryImageOfPage\":{\"@id\":\"https:\\\/\\\/www.dargaud-jaegle.com\\\/es\\\/otros-productos-y-servicios\\\/#primaryimage\"},\"image\":{\"@id\":\"https:\\\/\\\/www.dargaud-jaegle.com\\\/es\\\/otros-productos-y-servicios\\\/#primaryimage\"},\"thumbnailUrl\":\"https:\\\/\\\/www.dargaud-jaegle.com\\\/wp-content\\\/uploads\\\/2024\\\/04\\\/header-autres-solutions.jpg\",\"datePublished\":\"2024-04-09T12:49:35+00:00\",\"dateModified\":\"2025-06-20T07:57:33+00:00\",\"description\":\"Descubra nuestros otros servicios y prestaciones para sus barricas (renovaci\u00f3n, personalizaci\u00f3n, servicio postventa, de segunda mano, etc.).\",\"breadcrumb\":{\"@id\":\"https:\\\/\\\/www.dargaud-jaegle.com\\\/es\\\/otros-productos-y-servicios\\\/#breadcrumb\"},\"inLanguage\":\"es\",\"potentialAction\":[{\"@type\":\"ReadAction\",\"target\":[\"https:\\\/\\\/www.dargaud-jaegle.com\\\/es\\\/otros-productos-y-servicios\\\/\"]}]},{\"@type\":\"ImageObject\",\"inLanguage\":\"es\",\"@id\":\"https:\\\/\\\/www.dargaud-jaegle.com\\\/es\\\/otros-productos-y-servicios\\\/#primaryimage\",\"url\":\"https:\\\/\\\/www.dargaud-jaegle.com\\\/wp-content\\\/uploads\\\/2024\\\/04\\\/header-autres-solutions.jpg\",\"contentUrl\":\"https:\\\/\\\/www.dargaud-jaegle.com\\\/wp-content\\\/uploads\\\/2024\\\/04\\\/header-autres-solutions.jpg\",\"width\":2400,\"height\":632},{\"@type\":\"BreadcrumbList\",\"@id\":\"https:\\\/\\\/www.dargaud-jaegle.com\\\/es\\\/otros-productos-y-servicios\\\/#breadcrumb\",\"itemListElement\":[{\"@type\":\"ListItem\",\"position\":1,\"name\":\"Pagina de inicio\",\"item\":\"https:\\\/\\\/www.dargaud-jaegle.com\\\/es\\\/\"},{\"@type\":\"ListItem\",\"position\":2,\"name\":\"Nuestros servicios\"}]},{\"@type\":\"WebSite\",\"@id\":\"https:\\\/\\\/www.dargaud-jaegle.com\\\/es\\\/#website\",\"url\":\"https:\\\/\\\/www.dargaud-jaegle.com\\\/es\\\/\",\"name\":\"Dargaud & Jaegle\",\"description\":\"Des hommes, des techniques, des mat\u00e9riels, pour bien construire des f\u00fbts en harmonie avec le vin.\\t Des hommes, des techniques, des mat\u00e9riels, pour bien construire des f\u00fbts en harmonie avec le vin.\",\"publisher\":{\"@id\":\"https:\\\/\\\/www.dargaud-jaegle.com\\\/es\\\/#organization\"},\"potentialAction\":[{\"@type\":\"SearchAction\",\"target\":{\"@type\":\"EntryPoint\",\"urlTemplate\":\"https:\\\/\\\/www.dargaud-jaegle.com\\\/es\\\/?s={search_term_string}\"},\"query-input\":{\"@type\":\"PropertyValueSpecification\",\"valueRequired\":true,\"valueName\":\"search_term_string\"}}],\"inLanguage\":\"es\"},{\"@type\":\"Organization\",\"@id\":\"https:\\\/\\\/www.dargaud-jaegle.com\\\/es\\\/#organization\",\"name\":\"Dargaud & Jaegle\",\"url\":\"https:\\\/\\\/www.dargaud-jaegle.com\\\/es\\\/\",\"logo\":{\"@type\":\"ImageObject\",\"inLanguage\":\"es\",\"@id\":\"https:\\\/\\\/www.dargaud-jaegle.com\\\/es\\\/#\\\/schema\\\/logo\\\/image\\\/\",\"url\":\"https:\\\/\\\/www.dargaud-jaegle.com\\\/wp-content\\\/uploads\\\/2024\\\/04\\\/logo-marron.svg\",\"contentUrl\":\"https:\\\/\\\/www.dargaud-jaegle.com\\\/wp-content\\\/uploads\\\/2024\\\/04\\\/logo-marron.svg\",\"width\":289,\"height\":172,\"caption\":\"Dargaud & Jaegle\"},\"image\":{\"@id\":\"https:\\\/\\\/www.dargaud-jaegle.com\\\/es\\\/#\\\/schema\\\/logo\\\/image\\\/\"},\"sameAs\":[\"https:\\\/\\\/www.facebook.com\\\/dargaudjaegle\\\/\"]}]}<\/script>\n<!-- \/ Yoast SEO plugin. -->","yoast_head_json":{"title":"Nuestros servicios - Dargaud &amp; Jaegle","description":"Descubra nuestros otros servicios y prestaciones para sus barricas (renovaci\u00f3n, personalizaci\u00f3n, servicio postventa, de segunda mano, etc.).","robots":{"index":"index","follow":"follow","max-snippet":"max-snippet:-1","max-image-preview":"max-image-preview:large","max-video-preview":"max-video-preview:-1"},"canonical":"https:\/\/www.dargaud-jaegle.com\/es\/otros-productos-y-servicios\/","og_locale":"es_ES","og_type":"article","og_title":"Nuestros servicios - Dargaud &amp; Jaegle","og_description":"Descubra nuestros otros servicios y prestaciones para sus barricas (renovaci\u00f3n, personalizaci\u00f3n, servicio postventa, de segunda mano, etc.).","og_url":"https:\/\/www.dargaud-jaegle.com\/es\/otros-productos-y-servicios\/","og_site_name":"Dargaud &amp; Jaegle","article_publisher":"https:\/\/www.facebook.com\/dargaudjaegle\/","article_modified_time":"2025-06-20T07:57:33+00:00","og_image":[{"width":2400,"height":632,"url":"https:\/\/www.dargaud-jaegle.com\/wp-content\/uploads\/2024\/04\/header-autres-solutions.jpg","type":"image\/jpeg"}],"twitter_card":"summary_large_image","twitter_misc":{"Tiempo de lectura":"1 minuto"},"schema":{"@context":"https:\/\/schema.org","@graph":[{"@type":"WebPage","@id":"https:\/\/www.dargaud-jaegle.com\/es\/otros-productos-y-servicios\/","url":"https:\/\/www.dargaud-jaegle.com\/es\/otros-productos-y-servicios\/","name":"Nuestros servicios - Dargaud &amp; Jaegle","isPartOf":{"@id":"https:\/\/www.dargaud-jaegle.com\/es\/#website"},"primaryImageOfPage":{"@id":"https:\/\/www.dargaud-jaegle.com\/es\/otros-productos-y-servicios\/#primaryimage"},"image":{"@id":"https:\/\/www.dargaud-jaegle.com\/es\/otros-productos-y-servicios\/#primaryimage"},"thumbnailUrl":"https:\/\/www.dargaud-jaegle.com\/wp-content\/uploads\/2024\/04\/header-autres-solutions.jpg","datePublished":"2024-04-09T12:49:35+00:00","dateModified":"2025-06-20T07:57:33+00:00","description":"Descubra nuestros otros servicios y prestaciones para sus barricas (renovaci\u00f3n, personalizaci\u00f3n, servicio postventa, de segunda mano, etc.).","breadcrumb":{"@id":"https:\/\/www.dargaud-jaegle.com\/es\/otros-productos-y-servicios\/#breadcrumb"},"inLanguage":"es","potentialAction":[{"@type":"ReadAction","target":["https:\/\/www.dargaud-jaegle.com\/es\/otros-productos-y-servicios\/"]}]},{"@type":"ImageObject","inLanguage":"es","@id":"https:\/\/www.dargaud-jaegle.com\/es\/otros-productos-y-servicios\/#primaryimage","url":"https:\/\/www.dargaud-jaegle.com\/wp-content\/uploads\/2024\/04\/header-autres-solutions.jpg","contentUrl":"https:\/\/www.dargaud-jaegle.com\/wp-content\/uploads\/2024\/04\/header-autres-solutions.jpg","width":2400,"height":632},{"@type":"BreadcrumbList","@id":"https:\/\/www.dargaud-jaegle.com\/es\/otros-productos-y-servicios\/#breadcrumb","itemListElement":[{"@type":"ListItem","position":1,"name":"Pagina de inicio","item":"https:\/\/www.dargaud-jaegle.com\/es\/"},{"@type":"ListItem","position":2,"name":"Nuestros servicios"}]},{"@type":"WebSite","@id":"https:\/\/www.dargaud-jaegle.com\/es\/#website","url":"https:\/\/www.dargaud-jaegle.com\/es\/","name":"Dargaud & Jaegle","description":"Des hommes, des techniques, des mat\u00e9riels, pour bien construire des f\u00fbts en harmonie avec le vin.\t Des hommes, des techniques, des mat\u00e9riels, pour bien construire des f\u00fbts en harmonie avec le vin.","publisher":{"@id":"https:\/\/www.dargaud-jaegle.com\/es\/#organization"},"potentialAction":[{"@type":"SearchAction","target":{"@type":"EntryPoint","urlTemplate":"https:\/\/www.dargaud-jaegle.com\/es\/?s={search_term_string}"},"query-input":{"@type":"PropertyValueSpecification","valueRequired":true,"valueName":"search_term_string"}}],"inLanguage":"es"},{"@type":"Organization","@id":"https:\/\/www.dargaud-jaegle.com\/es\/#organization","name":"Dargaud & Jaegle","url":"https:\/\/www.dargaud-jaegle.com\/es\/","logo":{"@type":"ImageObject","inLanguage":"es","@id":"https:\/\/www.dargaud-jaegle.com\/es\/#\/schema\/logo\/image\/","url":"https:\/\/www.dargaud-jaegle.com\/wp-content\/uploads\/2024\/04\/logo-marron.svg","contentUrl":"https:\/\/www.dargaud-jaegle.com\/wp-content\/uploads\/2024\/04\/logo-marron.svg","width":289,"height":172,"caption":"Dargaud & Jaegle"},"image":{"@id":"https:\/\/www.dargaud-jaegle.com\/es\/#\/schema\/logo\/image\/"},"sameAs":["https:\/\/www.facebook.com\/dargaudjaegle\/"]}]}},"_links":{"self":[{"href":"https:\/\/www.dargaud-jaegle.com\/es\/wp-json\/wp\/v2\/pages\/3029","targetHints":{"allow":["GET"]}}],"collection":[{"href":"https:\/\/www.dargaud-jaegle.com\/es\/wp-json\/wp\/v2\/pages"}],"about":[{"href":"https:\/\/www.dargaud-jaegle.com\/es\/wp-json\/wp\/v2\/types\/page"}],"author":[{"embeddable":true,"href":"https:\/\/www.dargaud-jaegle.com\/es\/wp-json\/wp\/v2\/users\/1"}],"replies":[{"embeddable":true,"href":"https:\/\/www.dargaud-jaegle.com\/es\/wp-json\/wp\/v2\/comments?post=3029"}],"version-history":[{"count":4,"href":"https:\/\/www.dargaud-jaegle.com\/es\/wp-json\/wp\/v2\/pages\/3029\/revisions"}],"predecessor-version":[{"id":3710,"href":"https:\/\/www.dargaud-jaegle.com\/es\/wp-json\/wp\/v2\/pages\/3029\/revisions\/3710"}],"wp:featuredmedia":[{"embeddable":true,"href":"https:\/\/www.dargaud-jaegle.com\/es\/wp-json\/wp\/v2\/media\/2139"}],"wp:attachment":[{"href":"https:\/\/www.dargaud-jaegle.com\/es\/wp-json\/wp\/v2\/media?parent=3029"}],"curies":[{"name":"wp","href":"https:\/\/api.w.org\/{rel}","templated":true}]}}