{"id":3033,"date":"2024-04-09T14:49:55","date_gmt":"2024-04-09T12:49:55","guid":{"rendered":"https:\/\/www.dargaud-jaegle.com\/contacto\/"},"modified":"2024-08-02T09:32:27","modified_gmt":"2024-08-02T07:32:27","slug":"contacto","status":"publish","type":"page","link":"https:\/\/www.dargaud-jaegle.com\/es\/contacto\/","title":{"rendered":"Contacto"},"content":{"rendered":"\t\t<div data-elementor-type=\"wp-page\" data-elementor-id=\"3033\" class=\"elementor elementor-3033 elementor-30\" data-elementor-post-type=\"page\">\n\t\t\t\t<div class=\"elementor-element elementor-element-46057600 e-grid e-con-full e-con e-parent\" data-id=\"46057600\" data-element_type=\"container\" data-e-type=\"container\" data-settings=\"{&quot;background_background&quot;:&quot;classic&quot;}\">\n\t\t<div class=\"elementor-element elementor-element-ac12585 e-con-full e-flex elementor-invisible e-con e-child\" data-id=\"ac12585\" data-element_type=\"container\" data-e-type=\"container\" data-settings=\"{&quot;animation&quot;:&quot;fadeInLeft&quot;}\">\n\t\t\t\t<div class=\"elementor-element elementor-element-2a7e5d68 h1 elementor-widget elementor-widget-heading\" data-id=\"2a7e5d68\" data-element_type=\"widget\" data-e-type=\"widget\" data-widget_type=\"heading.default\">\n\t\t\t\t<div class=\"elementor-widget-container\">\n\t\t\t\t\t<h1 class=\"elementor-heading-title elementor-size-default\">Contacto<\/h1>\t\t\t\t<\/div>\n\t\t\t\t<\/div>\n\t\t\t\t<div class=\"elementor-element elementor-element-6d26fefc h2 elementor-widget elementor-widget-heading\" data-id=\"6d26fefc\" data-element_type=\"widget\" data-e-type=\"widget\" data-widget_type=\"heading.default\">\n\t\t\t\t<div class=\"elementor-widget-container\">\n\t\t\t\t\t<h2 class=\"elementor-heading-title elementor-size-default\">\u00a1PRESENCIA LOCAL \nE INTERNACIONAL! \n<\/h2>\t\t\t\t<\/div>\n\t\t\t\t<\/div>\n\t\t\t\t<div class=\"elementor-element elementor-element-5b6beb2c elementor-widget elementor-widget-text-editor\" data-id=\"5b6beb2c\" data-element_type=\"widget\" data-e-type=\"widget\" data-widget_type=\"text-editor.default\">\n\t\t\t\t<div class=\"elementor-widget-container\">\n\t\t\t\t\t\t\t\t\t<p>Estamos aqu\u00ed para apoyarle y asesorarle en sus proyectos, y tambi\u00e9n estamos a su disposici\u00f3n para ayudarle a utilizar nuestros productos para el mantenimiento y las reparaciones.<\/p>\n\t\t\t\t\t\t\t\t<\/div>\n\t\t\t\t<\/div>\n\t\t\t\t<\/div>\n\t\t\t\t<div class=\"elementor-element elementor-element-6b485102 elementor-widget__width-auto elementor-invisible elementor-widget elementor-widget-image\" data-id=\"6b485102\" data-element_type=\"widget\" data-e-type=\"widget\" data-settings=\"{&quot;_animation&quot;:&quot;fadeInRight&quot;}\" data-widget_type=\"image.default\">\n\t\t\t\t<div class=\"elementor-widget-container\">\n\t\t\t\t\t\t\t\t\t\t\t\t\t\t\t<img fetchpriority=\"high\" decoding=\"async\" width=\"2560\" height=\"1707\" src=\"https:\/\/www.dargaud-jaegle.com\/wp-content\/uploads\/2024\/08\/PHOTO-EQUIPE-DJ-AOUT-2024-scaled.jpg\" class=\"attachment-full size-full wp-image-3354\" alt=\"\" srcset=\"https:\/\/www.dargaud-jaegle.com\/wp-content\/uploads\/2024\/08\/PHOTO-EQUIPE-DJ-AOUT-2024-scaled.jpg 2560w, https:\/\/www.dargaud-jaegle.com\/wp-content\/uploads\/2024\/08\/PHOTO-EQUIPE-DJ-AOUT-2024-900x600.jpg 900w, https:\/\/www.dargaud-jaegle.com\/wp-content\/uploads\/2024\/08\/PHOTO-EQUIPE-DJ-AOUT-2024-1536x1024.jpg 1536w, https:\/\/www.dargaud-jaegle.com\/wp-content\/uploads\/2024\/08\/PHOTO-EQUIPE-DJ-AOUT-2024-768x512.jpg 768w, https:\/\/www.dargaud-jaegle.com\/wp-content\/uploads\/2024\/08\/PHOTO-EQUIPE-DJ-AOUT-2024-2048x1365.jpg 2048w\" sizes=\"(max-width: 2560px) 100vw, 2560px\" \/>\t\t\t\t\t\t\t\t\t\t\t\t\t\t\t<\/div>\n\t\t\t\t<\/div>\n\t\t\t\t<\/div>\n\t\t\t\t<\/div>\n\t\t","protected":false},"excerpt":{"rendered":"<p>Contacto \u00a1PRESENCIA LOCAL E INTERNACIONAL! Estamos aqu\u00ed para apoyarle y asesorarle en sus proyectos, y tambi\u00e9n estamos a su disposici\u00f3n para ayudarle a utilizar nuestros productos para el mantenimiento y las reparaciones.<\/p>\n","protected":false},"author":1,"featured_media":2169,"parent":0,"menu_order":9,"comment_status":"closed","ping_status":"closed","template":"contact.php","meta":{"_acf_changed":false,"inline_featured_image":false,"footnotes":""},"class_list":["post-3033","page","type-page","status-publish","has-post-thumbnail","hentry"],"acf":[],"yoast_head":"<!-- This site is optimized with the Yoast SEO plugin v27.5 - https:\/\/yoast.com\/product\/yoast-seo-wordpress\/ -->\n<title>Contacto - Dargaud &amp; Jaegle<\/title>\n<meta name=\"description\" content=\"Estamos aqu\u00ed para apoyarle y asesorarle en sus proyectos, y tambi\u00e9n estamos a su disposici\u00f3n para ayudarle a utilizar nuestros productos para el mantenimiento y las reparaciones.\" \/>\n<meta name=\"robots\" content=\"noindex, nofollow\" \/>\n<meta property=\"og:locale\" content=\"es_ES\" \/>\n<meta property=\"og:type\" content=\"article\" \/>\n<meta property=\"og:title\" content=\"Contacto - Dargaud &amp; Jaegle\" \/>\n<meta property=\"og:description\" content=\"Estamos aqu\u00ed para apoyarle y asesorarle en sus proyectos, y tambi\u00e9n estamos a su disposici\u00f3n para ayudarle a utilizar nuestros productos para el mantenimiento y las reparaciones.\" \/>\n<meta property=\"og:url\" content=\"https:\/\/www.dargaud-jaegle.com\/es\/contacto\/\" \/>\n<meta property=\"og:site_name\" content=\"Dargaud &amp; Jaegle\" \/>\n<meta property=\"article:publisher\" content=\"https:\/\/www.facebook.com\/dargaudjaegle\/\" \/>\n<meta property=\"article:modified_time\" content=\"2024-08-02T07:32:27+00:00\" \/>\n<meta property=\"og:image\" content=\"https:\/\/www.dargaud-jaegle.com\/wp-content\/uploads\/2024\/04\/header-contact.jpg\" \/>\n\t<meta property=\"og:image:width\" content=\"2400\" \/>\n\t<meta property=\"og:image:height\" content=\"632\" \/>\n\t<meta property=\"og:image:type\" content=\"image\/jpeg\" \/>\n<meta name=\"twitter:card\" content=\"summary_large_image\" \/>\n<meta name=\"twitter:label1\" content=\"Tiempo de lectura\" \/>\n\t<meta name=\"twitter:data1\" content=\"1 minuto\" \/>\n<script type=\"application\/ld+json\" class=\"yoast-schema-graph\">{\"@context\":\"https:\\\/\\\/schema.org\",\"@graph\":[{\"@type\":\"WebPage\",\"@id\":\"https:\\\/\\\/www.dargaud-jaegle.com\\\/es\\\/contacto\\\/\",\"url\":\"https:\\\/\\\/www.dargaud-jaegle.com\\\/es\\\/contacto\\\/\",\"name\":\"Contacto - Dargaud &amp; Jaegle\",\"isPartOf\":{\"@id\":\"https:\\\/\\\/www.dargaud-jaegle.com\\\/es\\\/#website\"},\"primaryImageOfPage\":{\"@id\":\"https:\\\/\\\/www.dargaud-jaegle.com\\\/es\\\/contacto\\\/#primaryimage\"},\"image\":{\"@id\":\"https:\\\/\\\/www.dargaud-jaegle.com\\\/es\\\/contacto\\\/#primaryimage\"},\"thumbnailUrl\":\"https:\\\/\\\/www.dargaud-jaegle.com\\\/wp-content\\\/uploads\\\/2024\\\/04\\\/header-contact.jpg\",\"datePublished\":\"2024-04-09T12:49:55+00:00\",\"dateModified\":\"2024-08-02T07:32:27+00:00\",\"description\":\"Estamos aqu\u00ed para apoyarle y asesorarle en sus proyectos, y tambi\u00e9n estamos a su disposici\u00f3n para ayudarle a utilizar nuestros productos para el mantenimiento y las reparaciones.\",\"breadcrumb\":{\"@id\":\"https:\\\/\\\/www.dargaud-jaegle.com\\\/es\\\/contacto\\\/#breadcrumb\"},\"inLanguage\":\"es\",\"potentialAction\":[{\"@type\":\"ReadAction\",\"target\":[\"https:\\\/\\\/www.dargaud-jaegle.com\\\/es\\\/contacto\\\/\"]}]},{\"@type\":\"ImageObject\",\"inLanguage\":\"es\",\"@id\":\"https:\\\/\\\/www.dargaud-jaegle.com\\\/es\\\/contacto\\\/#primaryimage\",\"url\":\"https:\\\/\\\/www.dargaud-jaegle.com\\\/wp-content\\\/uploads\\\/2024\\\/04\\\/header-contact.jpg\",\"contentUrl\":\"https:\\\/\\\/www.dargaud-jaegle.com\\\/wp-content\\\/uploads\\\/2024\\\/04\\\/header-contact.jpg\",\"width\":2400,\"height\":632},{\"@type\":\"BreadcrumbList\",\"@id\":\"https:\\\/\\\/www.dargaud-jaegle.com\\\/es\\\/contacto\\\/#breadcrumb\",\"itemListElement\":[{\"@type\":\"ListItem\",\"position\":1,\"name\":\"Pagina de inicio\",\"item\":\"https:\\\/\\\/www.dargaud-jaegle.com\\\/es\\\/\"},{\"@type\":\"ListItem\",\"position\":2,\"name\":\"Contacto\"}]},{\"@type\":\"WebSite\",\"@id\":\"https:\\\/\\\/www.dargaud-jaegle.com\\\/es\\\/#website\",\"url\":\"https:\\\/\\\/www.dargaud-jaegle.com\\\/es\\\/\",\"name\":\"Dargaud & Jaegle\",\"description\":\"Des hommes, des techniques, des mat\u00e9riels, pour bien construire des f\u00fbts en harmonie avec le vin.\\t Des hommes, des techniques, des mat\u00e9riels, pour bien construire des f\u00fbts en harmonie avec le vin.\",\"publisher\":{\"@id\":\"https:\\\/\\\/www.dargaud-jaegle.com\\\/es\\\/#organization\"},\"potentialAction\":[{\"@type\":\"SearchAction\",\"target\":{\"@type\":\"EntryPoint\",\"urlTemplate\":\"https:\\\/\\\/www.dargaud-jaegle.com\\\/es\\\/?s={search_term_string}\"},\"query-input\":{\"@type\":\"PropertyValueSpecification\",\"valueRequired\":true,\"valueName\":\"search_term_string\"}}],\"inLanguage\":\"es\"},{\"@type\":\"Organization\",\"@id\":\"https:\\\/\\\/www.dargaud-jaegle.com\\\/es\\\/#organization\",\"name\":\"Dargaud & Jaegle\",\"url\":\"https:\\\/\\\/www.dargaud-jaegle.com\\\/es\\\/\",\"logo\":{\"@type\":\"ImageObject\",\"inLanguage\":\"es\",\"@id\":\"https:\\\/\\\/www.dargaud-jaegle.com\\\/es\\\/#\\\/schema\\\/logo\\\/image\\\/\",\"url\":\"https:\\\/\\\/www.dargaud-jaegle.com\\\/wp-content\\\/uploads\\\/2024\\\/04\\\/logo-marron.svg\",\"contentUrl\":\"https:\\\/\\\/www.dargaud-jaegle.com\\\/wp-content\\\/uploads\\\/2024\\\/04\\\/logo-marron.svg\",\"width\":289,\"height\":172,\"caption\":\"Dargaud & Jaegle\"},\"image\":{\"@id\":\"https:\\\/\\\/www.dargaud-jaegle.com\\\/es\\\/#\\\/schema\\\/logo\\\/image\\\/\"},\"sameAs\":[\"https:\\\/\\\/www.facebook.com\\\/dargaudjaegle\\\/\"]}]}<\/script>\n<!-- \/ Yoast SEO plugin. -->","yoast_head_json":{"title":"Contacto - Dargaud &amp; Jaegle","description":"Estamos aqu\u00ed para apoyarle y asesorarle en sus proyectos, y tambi\u00e9n estamos a su disposici\u00f3n para ayudarle a utilizar nuestros productos para el mantenimiento y las reparaciones.","robots":{"index":"noindex","follow":"nofollow"},"og_locale":"es_ES","og_type":"article","og_title":"Contacto - Dargaud &amp; Jaegle","og_description":"Estamos aqu\u00ed para apoyarle y asesorarle en sus proyectos, y tambi\u00e9n estamos a su disposici\u00f3n para ayudarle a utilizar nuestros productos para el mantenimiento y las reparaciones.","og_url":"https:\/\/www.dargaud-jaegle.com\/es\/contacto\/","og_site_name":"Dargaud &amp; Jaegle","article_publisher":"https:\/\/www.facebook.com\/dargaudjaegle\/","article_modified_time":"2024-08-02T07:32:27+00:00","og_image":[{"width":2400,"height":632,"url":"https:\/\/www.dargaud-jaegle.com\/wp-content\/uploads\/2024\/04\/header-contact.jpg","type":"image\/jpeg"}],"twitter_card":"summary_large_image","twitter_misc":{"Tiempo de lectura":"1 minuto"},"schema":{"@context":"https:\/\/schema.org","@graph":[{"@type":"WebPage","@id":"https:\/\/www.dargaud-jaegle.com\/es\/contacto\/","url":"https:\/\/www.dargaud-jaegle.com\/es\/contacto\/","name":"Contacto - Dargaud &amp; Jaegle","isPartOf":{"@id":"https:\/\/www.dargaud-jaegle.com\/es\/#website"},"primaryImageOfPage":{"@id":"https:\/\/www.dargaud-jaegle.com\/es\/contacto\/#primaryimage"},"image":{"@id":"https:\/\/www.dargaud-jaegle.com\/es\/contacto\/#primaryimage"},"thumbnailUrl":"https:\/\/www.dargaud-jaegle.com\/wp-content\/uploads\/2024\/04\/header-contact.jpg","datePublished":"2024-04-09T12:49:55+00:00","dateModified":"2024-08-02T07:32:27+00:00","description":"Estamos aqu\u00ed para apoyarle y asesorarle en sus proyectos, y tambi\u00e9n estamos a su disposici\u00f3n para ayudarle a utilizar nuestros productos para el mantenimiento y las reparaciones.","breadcrumb":{"@id":"https:\/\/www.dargaud-jaegle.com\/es\/contacto\/#breadcrumb"},"inLanguage":"es","potentialAction":[{"@type":"ReadAction","target":["https:\/\/www.dargaud-jaegle.com\/es\/contacto\/"]}]},{"@type":"ImageObject","inLanguage":"es","@id":"https:\/\/www.dargaud-jaegle.com\/es\/contacto\/#primaryimage","url":"https:\/\/www.dargaud-jaegle.com\/wp-content\/uploads\/2024\/04\/header-contact.jpg","contentUrl":"https:\/\/www.dargaud-jaegle.com\/wp-content\/uploads\/2024\/04\/header-contact.jpg","width":2400,"height":632},{"@type":"BreadcrumbList","@id":"https:\/\/www.dargaud-jaegle.com\/es\/contacto\/#breadcrumb","itemListElement":[{"@type":"ListItem","position":1,"name":"Pagina de inicio","item":"https:\/\/www.dargaud-jaegle.com\/es\/"},{"@type":"ListItem","position":2,"name":"Contacto"}]},{"@type":"WebSite","@id":"https:\/\/www.dargaud-jaegle.com\/es\/#website","url":"https:\/\/www.dargaud-jaegle.com\/es\/","name":"Dargaud & Jaegle","description":"Des hommes, des techniques, des mat\u00e9riels, pour bien construire des f\u00fbts en harmonie avec le vin.\t Des hommes, des techniques, des mat\u00e9riels, pour bien construire des f\u00fbts en harmonie avec le vin.","publisher":{"@id":"https:\/\/www.dargaud-jaegle.com\/es\/#organization"},"potentialAction":[{"@type":"SearchAction","target":{"@type":"EntryPoint","urlTemplate":"https:\/\/www.dargaud-jaegle.com\/es\/?s={search_term_string}"},"query-input":{"@type":"PropertyValueSpecification","valueRequired":true,"valueName":"search_term_string"}}],"inLanguage":"es"},{"@type":"Organization","@id":"https:\/\/www.dargaud-jaegle.com\/es\/#organization","name":"Dargaud & Jaegle","url":"https:\/\/www.dargaud-jaegle.com\/es\/","logo":{"@type":"ImageObject","inLanguage":"es","@id":"https:\/\/www.dargaud-jaegle.com\/es\/#\/schema\/logo\/image\/","url":"https:\/\/www.dargaud-jaegle.com\/wp-content\/uploads\/2024\/04\/logo-marron.svg","contentUrl":"https:\/\/www.dargaud-jaegle.com\/wp-content\/uploads\/2024\/04\/logo-marron.svg","width":289,"height":172,"caption":"Dargaud & Jaegle"},"image":{"@id":"https:\/\/www.dargaud-jaegle.com\/es\/#\/schema\/logo\/image\/"},"sameAs":["https:\/\/www.facebook.com\/dargaudjaegle\/"]}]}},"_links":{"self":[{"href":"https:\/\/www.dargaud-jaegle.com\/es\/wp-json\/wp\/v2\/pages\/3033","targetHints":{"allow":["GET"]}}],"collection":[{"href":"https:\/\/www.dargaud-jaegle.com\/es\/wp-json\/wp\/v2\/pages"}],"about":[{"href":"https:\/\/www.dargaud-jaegle.com\/es\/wp-json\/wp\/v2\/types\/page"}],"author":[{"embeddable":true,"href":"https:\/\/www.dargaud-jaegle.com\/es\/wp-json\/wp\/v2\/users\/1"}],"replies":[{"embeddable":true,"href":"https:\/\/www.dargaud-jaegle.com\/es\/wp-json\/wp\/v2\/comments?post=3033"}],"version-history":[{"count":5,"href":"https:\/\/www.dargaud-jaegle.com\/es\/wp-json\/wp\/v2\/pages\/3033\/revisions"}],"predecessor-version":[{"id":3360,"href":"https:\/\/www.dargaud-jaegle.com\/es\/wp-json\/wp\/v2\/pages\/3033\/revisions\/3360"}],"wp:featuredmedia":[{"embeddable":true,"href":"https:\/\/www.dargaud-jaegle.com\/es\/wp-json\/wp\/v2\/media\/2169"}],"wp:attachment":[{"href":"https:\/\/www.dargaud-jaegle.com\/es\/wp-json\/wp\/v2\/media?parent=3033"}],"curies":[{"name":"wp","href":"https:\/\/api.w.org\/{rel}","templated":true}]}}