{"id":2967,"date":"2024-04-09T14:47:29","date_gmt":"2024-04-09T12:47:29","guid":{"rendered":"https:\/\/www.dargaud-jaegle.com\/le-persone-le-tecniche-i-materiali-necessari-per-costruire-botti-che-siano-in-armonia-con-il-vino"},"modified":"2024-07-24T09:48:44","modified_gmt":"2024-07-24T07:48:44","slug":"le-persone-le-tecniche-i-materiali-necessari-per-costruire-botti-che-siano-in-armonia-con-il-vino","status":"publish","type":"page","link":"https:\/\/www.dargaud-jaegle.com\/it\/","title":{"rendered":"Le persone,<br> le tecniche,<br> i materiali,<br> <b>necessari per costruire botti che siano in armonia con il vino.<\/b>"},"content":{"rendered":"\t\t<div data-elementor-type=\"wp-page\" data-elementor-id=\"2967\" class=\"elementor elementor-2967 elementor-14\" data-elementor-post-type=\"page\">\n\t\t\t\t<div class=\"elementor-element elementor-element-602fdd7 e-grid e-con-full e-con e-parent\" data-id=\"602fdd7\" data-element_type=\"container\" data-e-type=\"container\">\n\t\t<div class=\"elementor-element elementor-element-45d8fd6 e-con-full e-flex elementor-invisible e-con e-child\" data-id=\"45d8fd6\" data-element_type=\"container\" data-e-type=\"container\" data-settings=\"{&quot;animation&quot;:&quot;fadeInLeft&quot;}\">\n\t\t\t\t<div class=\"elementor-element elementor-element-372c6bf h1 elementor-widget elementor-widget-heading\" data-id=\"372c6bf\" data-element_type=\"widget\" data-e-type=\"widget\" data-widget_type=\"heading.default\">\n\t\t\t\t<div class=\"elementor-widget-container\">\n\t\t\t\t\t<h2 class=\"elementor-heading-title elementor-size-default\">La nostra storia<\/h2>\t\t\t\t<\/div>\n\t\t\t\t<\/div>\n\t\t\t\t<div class=\"elementor-element elementor-element-e0c10b5 h2 elementor-widget__width-initial elementor-widget elementor-widget-heading\" data-id=\"e0c10b5\" data-element_type=\"widget\" data-e-type=\"widget\" data-widget_type=\"heading.default\">\n\t\t\t\t<div class=\"elementor-widget-container\">\n\t\t\t\t\t<h3 class=\"elementor-heading-title elementor-size-default\">Una competenza secolare<\/h3>\t\t\t\t<\/div>\n\t\t\t\t<\/div>\n\t\t\t\t<div class=\"elementor-element elementor-element-88a9f1e elementor-widget elementor-widget-text-editor\" data-id=\"88a9f1e\" data-element_type=\"widget\" data-e-type=\"widget\" data-widget_type=\"text-editor.default\">\n\t\t\t\t<div class=\"elementor-widget-container\">\n\t\t\t\t\t\t\t\t\t<p>Tra storia e modernit\u00e0, ogni botte, <br \/>ogni barile prodotto, nasce da una filosofia di famiglia che fa parte del nostro DNA.<\/p>\n<p>Scoprite la storia di Dargaud et Jaegl\u00e9, dalla sua nascita ai giorni nostri!<\/p>\n\t\t\t\t\t\t\t\t<\/div>\n\t\t\t\t<\/div>\n\t\t<a class=\"elementor-element elementor-element-3942e53 e-con-full btn-savoir-plus e-flex e-con e-child\" data-id=\"3942e53\" data-element_type=\"container\" data-e-type=\"container\" href=\"https:\/\/www.dargaud-jaegle.com\/notre-histoire\/\">\n\t\t\t\t<div class=\"elementor-element elementor-element-65026b1 texte elementor-widget elementor-widget-text-editor\" data-id=\"65026b1\" data-element_type=\"widget\" data-e-type=\"widget\" data-widget_type=\"text-editor.default\">\n\t\t\t\t<div class=\"elementor-widget-container\">\n\t\t\t\t\t\t\t\t\t<p>Per saperne di pi\u00f9<\/p>\n\t\t\t\t\t\t\t\t<\/div>\n\t\t\t\t<\/div>\n\t\t\t\t<div class=\"elementor-element elementor-element-1bce35c image elementor-widget elementor-widget-image\" data-id=\"1bce35c\" data-element_type=\"widget\" data-e-type=\"widget\" data-widget_type=\"image.default\">\n\t\t\t\t<div class=\"elementor-widget-container\">\n\t\t\t\t\t\t\t\t\t\t\t\t\t\t\t<img decoding=\"async\" width=\"26\" height=\"33\" src=\"https:\/\/www.dargaud-jaegle.com\/wp-content\/uploads\/2024\/04\/picto-savoir-plus.svg\" class=\"attachment-full size-full wp-image-1991\" alt=\"\" \/>\t\t\t\t\t\t\t\t\t\t\t\t\t\t\t<\/div>\n\t\t\t\t<\/div>\n\t\t\t\t<\/a>\n\t\t\t\t<\/div>\n\t\t\t\t<div class=\"elementor-element elementor-element-fcc6ec2 elementor-invisible elementor-widget elementor-widget-image\" data-id=\"fcc6ec2\" data-element_type=\"widget\" data-e-type=\"widget\" data-settings=\"{&quot;_animation&quot;:&quot;fadeInRight&quot;}\" data-widget_type=\"image.default\">\n\t\t\t\t<div class=\"elementor-widget-container\">\n\t\t\t\t\t\t\t\t\t\t\t\t\t\t\t<img fetchpriority=\"high\" decoding=\"async\" width=\"792\" height=\"675\" src=\"https:\/\/www.dargaud-jaegle.com\/wp-content\/uploads\/2024\/04\/Accueil-1.jpg\" class=\"attachment-full size-full wp-image-1982\" alt=\"Photo de f\u00fbts fabriqu\u00e9s par Dargaud &amp; Jaegle\" srcset=\"https:\/\/www.dargaud-jaegle.com\/wp-content\/uploads\/2024\/04\/Accueil-1.jpg 792w, https:\/\/www.dargaud-jaegle.com\/wp-content\/uploads\/2024\/04\/Accueil-1-768x655.jpg 768w\" sizes=\"(max-width: 792px) 100vw, 792px\" \/>\t\t\t\t\t\t\t\t\t\t\t\t\t\t\t<\/div>\n\t\t\t\t<\/div>\n\t\t\t\t<\/div>\n\t\t<div class=\"elementor-element elementor-element-4411081 e-grid e-con-full e-con e-parent\" data-id=\"4411081\" data-element_type=\"container\" data-e-type=\"container\">\n\t\t<div class=\"elementor-element elementor-element-998c48f e-con-full e-flex e-con e-child\" data-id=\"998c48f\" data-element_type=\"container\" data-e-type=\"container\">\n\t\t\t\t<div class=\"elementor-element elementor-element-87b7e01 h1 elementor-widget elementor-widget-heading\" data-id=\"87b7e01\" data-element_type=\"widget\" data-e-type=\"widget\" data-widget_type=\"heading.default\">\n\t\t\t\t<div class=\"elementor-widget-container\">\n\t\t\t\t\t<h2 class=\"elementor-heading-title elementor-size-default\">La nostra competenza<\/h2>\t\t\t\t<\/div>\n\t\t\t\t<\/div>\n\t\t\t\t<div class=\"elementor-element elementor-element-75468d1 elementor-invisible elementor-widget elementor-widget-image\" data-id=\"75468d1\" data-element_type=\"widget\" data-e-type=\"widget\" data-settings=\"{&quot;_animation&quot;:&quot;fadeInLeft&quot;}\" data-widget_type=\"image.default\">\n\t\t\t\t<div class=\"elementor-widget-container\">\n\t\t\t\t\t\t\t\t\t\t\t\t\t\t\t<img decoding=\"async\" width=\"717\" height=\"638\" src=\"https:\/\/www.dargaud-jaegle.com\/wp-content\/uploads\/2024\/04\/Accueil-2.jpg\" class=\"attachment-full size-full wp-image-1985\" alt=\"Fabrication de f\u00fbts par Dargaud &amp; Jaegle\" \/>\t\t\t\t\t\t\t\t\t\t\t\t\t\t\t<\/div>\n\t\t\t\t<\/div>\n\t\t\t\t<\/div>\n\t\t<div class=\"elementor-element elementor-element-c8d1fa7 e-con-full e-flex elementor-invisible e-con e-child\" data-id=\"c8d1fa7\" data-element_type=\"container\" data-e-type=\"container\" data-settings=\"{&quot;background_background&quot;:&quot;classic&quot;,&quot;animation&quot;:&quot;fadeInRight&quot;}\">\n\t\t\t\t<div class=\"elementor-element elementor-element-1c64fca h2 elementor-widget__width-initial elementor-widget elementor-widget-heading\" data-id=\"1c64fca\" data-element_type=\"widget\" data-e-type=\"widget\" data-widget_type=\"heading.default\">\n\t\t\t\t<div class=\"elementor-widget-container\">\n\t\t\t\t\t<h3 class=\"elementor-heading-title elementor-size-default\">Dargaud e Jaegl\u00e9, una competenza unica!<\/h3>\t\t\t\t<\/div>\n\t\t\t\t<\/div>\n\t\t\t\t<div class=\"elementor-element elementor-element-8d304c2 elementor-widget elementor-widget-text-editor\" data-id=\"8d304c2\" data-element_type=\"widget\" data-e-type=\"widget\" data-widget_type=\"text-editor.default\">\n\t\t\t\t<div class=\"elementor-widget-container\">\n\t\t\t\t\t\t\t\t\t<p>Fin dalla sua nascita nel 1921, Dargaud et Jaegl\u00e9 ha sempre difeso l\u2019idea che l\u2019invecchiamento in botti di rovere debba essere effettuato nel massimo rispetto del frutto, del terroir e dell\u2019arte dell\u2019enologo.<\/p>\n<p>Un processo produttivo che inizia nel cuore della foresta per terminare nei nostri laboratori.<\/p>\n\t\t\t\t\t\t\t\t<\/div>\n\t\t\t\t<\/div>\n\t\t<a class=\"elementor-element elementor-element-8c3f50e e-con-full btn-savoir-plus marron e-flex e-con e-child\" data-id=\"8c3f50e\" data-element_type=\"container\" data-e-type=\"container\" href=\"https:\/\/www.dargaud-jaegle.com\/notre-savoir-faire\/\">\n\t\t\t\t<div class=\"elementor-element elementor-element-195abff texte elementor-widget elementor-widget-text-editor\" data-id=\"195abff\" data-element_type=\"widget\" data-e-type=\"widget\" data-widget_type=\"text-editor.default\">\n\t\t\t\t<div class=\"elementor-widget-container\">\n\t\t\t\t\t\t\t\t\t<p>Per saperne di pi\u00f9<\/p>\n\t\t\t\t\t\t\t\t<\/div>\n\t\t\t\t<\/div>\n\t\t\t\t<div class=\"elementor-element elementor-element-93d2940 image elementor-widget elementor-widget-image\" data-id=\"93d2940\" data-element_type=\"widget\" data-e-type=\"widget\" data-widget_type=\"image.default\">\n\t\t\t\t<div class=\"elementor-widget-container\">\n\t\t\t\t\t\t\t\t\t\t\t\t\t\t\t<img loading=\"lazy\" decoding=\"async\" width=\"26\" height=\"33\" src=\"https:\/\/www.dargaud-jaegle.com\/wp-content\/uploads\/2024\/04\/picto-savoir-plus-marron.svg\" class=\"attachment-full size-full wp-image-1997\" alt=\"\" \/>\t\t\t\t\t\t\t\t\t\t\t\t\t\t\t<\/div>\n\t\t\t\t<\/div>\n\t\t\t\t<\/a>\n\t\t\t\t<\/div>\n\t\t\t\t<\/div>\n\t\t<div class=\"elementor-element elementor-element-cccb13a e-grid e-con-full e-con e-parent\" data-id=\"cccb13a\" data-element_type=\"container\" data-e-type=\"container\" data-settings=\"{&quot;background_background&quot;:&quot;classic&quot;}\">\n\t\t<div class=\"elementor-element elementor-element-95ce669 e-con-full e-flex e-con e-child\" data-id=\"95ce669\" data-element_type=\"container\" data-e-type=\"container\">\n\t\t\t\t<div class=\"elementor-element elementor-element-84b0b5b h1 elementor-widget elementor-widget-heading\" data-id=\"84b0b5b\" data-element_type=\"widget\" data-e-type=\"widget\" data-widget_type=\"heading.default\">\n\t\t\t\t<div class=\"elementor-widget-container\">\n\t\t\t\t\t<h2 class=\"elementor-heading-title elementor-size-default\">I nostri prodotti<\/h2>\t\t\t\t<\/div>\n\t\t\t\t<\/div>\n\t\t\t\t<div class=\"elementor-element elementor-element-00df1c2 h2 elementor-widget__width-initial elementor-widget elementor-widget-heading\" data-id=\"00df1c2\" data-element_type=\"widget\" data-e-type=\"widget\" data-widget_type=\"heading.default\">\n\t\t\t\t<div class=\"elementor-widget-container\">\n\t\t\t\t\t<h3 class=\"elementor-heading-title elementor-size-default\">Botti, barili e tini<\/h3>\t\t\t\t<\/div>\n\t\t\t\t<\/div>\n\t\t\t\t<div class=\"elementor-element elementor-element-b3c3486 elementor-widget elementor-widget-text-editor\" data-id=\"b3c3486\" data-element_type=\"widget\" data-e-type=\"widget\" data-widget_type=\"text-editor.default\">\n\t\t\t\t<div class=\"elementor-widget-container\">\n\t\t\t\t\t\t\t\t\t<p>Vi aiuteremo a scegliere e selezionare le nostre botti e i nostri grandi contenitori, con l&#8217;obiettivo di far risaltare il meglio dei vostri vini!<\/p>\n<p>D\u00e9couvrez nos diff\u00e9rentes \u00e9tapes de s\u00e9lections pour la cr\u00e9ation de contenants en harmonie avec vos vins.<\/p>\n\t\t\t\t\t\t\t\t<\/div>\n\t\t\t\t<\/div>\n\t\t<div class=\"elementor-element elementor-element-633becc e-con-full e-flex e-con e-child\" data-id=\"633becc\" data-element_type=\"container\" data-e-type=\"container\">\n\t\t\t\t<div class=\"elementor-element elementor-element-88cfb80 elementor-widget elementor-widget-button\" data-id=\"88cfb80\" data-element_type=\"widget\" data-e-type=\"widget\" data-widget_type=\"button.default\">\n\t\t\t\t<div class=\"elementor-widget-container\">\n\t\t\t\t\t\t\t\t\t<div class=\"elementor-button-wrapper\">\n\t\t\t\t\t<a class=\"elementor-button elementor-button-link elementor-size-sm\" href=\"https:\/\/www.dargaud-jaegle.com\/it\/i-fusti\/\">\n\t\t\t\t\t\t<span class=\"elementor-button-content-wrapper\">\n\t\t\t\t\t\t\t\t\t<span class=\"elementor-button-text\">Botti<\/span>\n\t\t\t\t\t<\/span>\n\t\t\t\t\t<\/a>\n\t\t\t\t<\/div>\n\t\t\t\t\t\t\t\t<\/div>\n\t\t\t\t<\/div>\n\t\t\t\t<div class=\"elementor-element elementor-element-201e9e2 elementor-widget elementor-widget-button\" data-id=\"201e9e2\" data-element_type=\"widget\" data-e-type=\"widget\" data-widget_type=\"button.default\">\n\t\t\t\t<div class=\"elementor-widget-container\">\n\t\t\t\t\t\t\t\t\t<div class=\"elementor-button-wrapper\">\n\t\t\t\t\t<a class=\"elementor-button elementor-button-link elementor-size-sm\" href=\"https:\/\/www.dargaud-jaegle.com\/it\/contenitori-di-grandi-dimensioni\/\">\n\t\t\t\t\t\t<span class=\"elementor-button-content-wrapper\">\n\t\t\t\t\t\t\t\t\t<span class=\"elementor-button-text\">Grandi contenitori<\/span>\n\t\t\t\t\t<\/span>\n\t\t\t\t\t<\/a>\n\t\t\t\t<\/div>\n\t\t\t\t\t\t\t\t<\/div>\n\t\t\t\t<\/div>\n\t\t\t\t<div class=\"elementor-element elementor-element-d8de7cf elementor-widget elementor-widget-button\" data-id=\"d8de7cf\" data-element_type=\"widget\" data-e-type=\"widget\" data-widget_type=\"button.default\">\n\t\t\t\t<div class=\"elementor-widget-container\">\n\t\t\t\t\t\t\t\t\t<div class=\"elementor-button-wrapper\">\n\t\t\t\t\t<a class=\"elementor-button elementor-button-link elementor-size-sm\" href=\"https:\/\/www.dargaud-jaegle.com\/it\/articoli-di-piccola-bottaia-e-i-nostri-servizi\/\">\n\t\t\t\t\t\t<span class=\"elementor-button-content-wrapper\">\n\t\t\t\t\t\t\t\t\t<span class=\"elementor-button-text\">Altri prodotti e servizi<\/span>\n\t\t\t\t\t<\/span>\n\t\t\t\t\t<\/a>\n\t\t\t\t<\/div>\n\t\t\t\t\t\t\t\t<\/div>\n\t\t\t\t<\/div>\n\t\t\t\t<\/div>\n\t\t\t\t<\/div>\n\t\t\t\t<div class=\"elementor-element elementor-element-af2b180 elementor-pagination-position-inside elementor-widget elementor-widget-image-carousel\" data-id=\"af2b180\" data-element_type=\"widget\" data-e-type=\"widget\" data-settings=\"{&quot;slides_to_show&quot;:&quot;1&quot;,&quot;navigation&quot;:&quot;dots&quot;,&quot;effect&quot;:&quot;fade&quot;,&quot;autoplay&quot;:&quot;yes&quot;,&quot;pause_on_hover&quot;:&quot;yes&quot;,&quot;pause_on_interaction&quot;:&quot;yes&quot;,&quot;autoplay_speed&quot;:5000,&quot;infinite&quot;:&quot;yes&quot;,&quot;speed&quot;:500}\" data-widget_type=\"image-carousel.default\">\n\t\t\t\t<div class=\"elementor-widget-container\">\n\t\t\t\t\t\t\t<div class=\"elementor-image-carousel-wrapper swiper\" role=\"region\" aria-roledescription=\"carousel\" aria-label=\"Carosello d&#039;immagini\" dir=\"ltr\">\n\t\t\t<div class=\"elementor-image-carousel swiper-wrapper\" aria-live=\"off\">\n\t\t\t\t\t\t\t\t<div class=\"swiper-slide\" role=\"group\" aria-roledescription=\"slide\" aria-label=\"1 di 2\"><figure class=\"swiper-slide-inner\"><img decoding=\"async\" class=\"swiper-slide-image\" src=\"https:\/\/www.dargaud-jaegle.com\/wp-content\/uploads\/2024\/04\/Accueil-3.jpg\" alt=\"Photo de f\u00fbts fabriqu\u00e9s par Dargaud &amp; Jaegle\" \/><\/figure><\/div><div class=\"swiper-slide\" role=\"group\" aria-roledescription=\"slide\" aria-label=\"2 di 2\"><figure class=\"swiper-slide-inner\"><img decoding=\"async\" class=\"swiper-slide-image\" src=\"https:\/\/www.dargaud-jaegle.com\/wp-content\/uploads\/2024\/04\/Accueil-1.jpg\" alt=\"Photo de f\u00fbts fabriqu\u00e9s par Dargaud &amp; Jaegle\" \/><\/figure><\/div>\t\t\t<\/div>\n\t\t\t\t\t\t\t\n\t\t\t\t\t\t\t\t\t<div class=\"swiper-pagination\"><\/div>\n\t\t\t\t\t\t\t\t\t<\/div>\n\t\t\t\t\t\t<\/div>\n\t\t\t\t<\/div>\n\t\t\t\t<\/div>\n\t\t\t\t<\/div>\n\t\t","protected":false},"excerpt":{"rendered":"<p>La nostra storia Una competenza secolare Tra storia e modernit\u00e0, ogni botte, ogni barile prodotto, nasce da una filosofia di famiglia che fa parte del nostro DNA. Scoprite la storia di Dargaud et Jaegl\u00e9, dalla sua nascita ai giorni nostri! Per saperne di pi\u00f9 La nostra competenza Dargaud e Jaegl\u00e9, una competenza unica! Fin dalla<\/p>\n","protected":false},"author":1,"featured_media":1976,"parent":0,"menu_order":0,"comment_status":"closed","ping_status":"closed","template":"accueil.php","meta":{"_acf_changed":false,"inline_featured_image":false,"footnotes":""},"class_list":["post-2967","page","type-page","status-publish","has-post-thumbnail","hentry"],"acf":[],"yoast_head":"<!-- This site is optimized with the Yoast SEO plugin v27.5 - https:\/\/yoast.com\/product\/yoast-seo-wordpress\/ -->\n<title>Dargaud &amp; Jaegl\u00e9<\/title>\n<meta name=\"description\" content=\"Una competenza secolare nasce da una filosofia di famiglia che fa parte del nostro DNA.\" \/>\n<meta name=\"robots\" content=\"index, follow, max-snippet:-1, max-image-preview:large, max-video-preview:-1\" \/>\n<link rel=\"canonical\" href=\"https:\/\/www.dargaud-jaegle.com\/it\/\" \/>\n<meta property=\"og:locale\" content=\"it_IT\" \/>\n<meta property=\"og:type\" content=\"article\" \/>\n<meta property=\"og:title\" content=\"Dargaud &amp; Jaegl\u00e9\" \/>\n<meta property=\"og:description\" content=\"Una competenza secolare nasce da una filosofia di famiglia che fa parte del nostro DNA.\" \/>\n<meta property=\"og:url\" content=\"https:\/\/www.dargaud-jaegle.com\/it\/\" \/>\n<meta property=\"og:site_name\" content=\"Dargaud &amp; Jaegle\" \/>\n<meta property=\"article:publisher\" content=\"https:\/\/www.facebook.com\/dargaudjaegle\/\" \/>\n<meta property=\"article:modified_time\" content=\"2024-07-24T07:48:44+00:00\" \/>\n<meta property=\"og:image\" content=\"https:\/\/www.dargaud-jaegle.com\/wp-content\/uploads\/2024\/04\/header.jpg\" \/>\n\t<meta property=\"og:image:width\" content=\"2400\" \/>\n\t<meta property=\"og:image:height\" content=\"952\" \/>\n\t<meta property=\"og:image:type\" content=\"image\/jpeg\" \/>\n<meta name=\"twitter:card\" content=\"summary_large_image\" \/>\n<meta name=\"twitter:label1\" content=\"Tempo di lettura stimato\" \/>\n\t<meta name=\"twitter:data1\" content=\"1 minuto\" \/>\n<script type=\"application\/ld+json\" class=\"yoast-schema-graph\">{\"@context\":\"https:\\\/\\\/schema.org\",\"@graph\":[{\"@type\":\"WebPage\",\"@id\":\"https:\\\/\\\/www.dargaud-jaegle.com\\\/it\\\/\",\"url\":\"https:\\\/\\\/www.dargaud-jaegle.com\\\/it\\\/\",\"name\":\"Dargaud & Jaegl\u00e9\",\"isPartOf\":{\"@id\":\"https:\\\/\\\/www.dargaud-jaegle.com\\\/it\\\/#website\"},\"primaryImageOfPage\":{\"@id\":\"https:\\\/\\\/www.dargaud-jaegle.com\\\/it\\\/#primaryimage\"},\"image\":{\"@id\":\"https:\\\/\\\/www.dargaud-jaegle.com\\\/it\\\/#primaryimage\"},\"thumbnailUrl\":\"https:\\\/\\\/www.dargaud-jaegle.com\\\/wp-content\\\/uploads\\\/2024\\\/04\\\/header.jpg\",\"datePublished\":\"2024-04-09T12:47:29+00:00\",\"dateModified\":\"2024-07-24T07:48:44+00:00\",\"description\":\"Una competenza secolare nasce da una filosofia di famiglia che fa parte del nostro DNA.\",\"breadcrumb\":{\"@id\":\"https:\\\/\\\/www.dargaud-jaegle.com\\\/it\\\/#breadcrumb\"},\"inLanguage\":\"it-IT\",\"potentialAction\":[{\"@type\":\"ReadAction\",\"target\":[\"https:\\\/\\\/www.dargaud-jaegle.com\\\/it\\\/\"]}]},{\"@type\":\"ImageObject\",\"inLanguage\":\"it-IT\",\"@id\":\"https:\\\/\\\/www.dargaud-jaegle.com\\\/it\\\/#primaryimage\",\"url\":\"https:\\\/\\\/www.dargaud-jaegle.com\\\/wp-content\\\/uploads\\\/2024\\\/04\\\/header.jpg\",\"contentUrl\":\"https:\\\/\\\/www.dargaud-jaegle.com\\\/wp-content\\\/uploads\\\/2024\\\/04\\\/header.jpg\",\"width\":2400,\"height\":952},{\"@type\":\"BreadcrumbList\",\"@id\":\"https:\\\/\\\/www.dargaud-jaegle.com\\\/it\\\/#breadcrumb\",\"itemListElement\":[{\"@type\":\"ListItem\",\"position\":1,\"name\":\"Pagina Iniziale\",\"item\":\"https:\\\/\\\/www.dargaud-jaegle.com\\\/it\\\/\"},{\"@type\":\"ListItem\",\"position\":2,\"name\":\"Le persone, le tecniche, i materiali, necessari per costruire botti che siano in armonia con il vino.\"}]},{\"@type\":\"WebSite\",\"@id\":\"https:\\\/\\\/www.dargaud-jaegle.com\\\/it\\\/#website\",\"url\":\"https:\\\/\\\/www.dargaud-jaegle.com\\\/it\\\/\",\"name\":\"Dargaud & Jaegle\",\"description\":\"Des hommes, des techniques, des mat\u00e9riels, pour bien construire des f\u00fbts en harmonie avec le vin.\\t Des hommes, des techniques, des mat\u00e9riels, pour bien construire des f\u00fbts en harmonie avec le vin.\",\"publisher\":{\"@id\":\"https:\\\/\\\/www.dargaud-jaegle.com\\\/it\\\/#organization\"},\"potentialAction\":[{\"@type\":\"SearchAction\",\"target\":{\"@type\":\"EntryPoint\",\"urlTemplate\":\"https:\\\/\\\/www.dargaud-jaegle.com\\\/it\\\/?s={search_term_string}\"},\"query-input\":{\"@type\":\"PropertyValueSpecification\",\"valueRequired\":true,\"valueName\":\"search_term_string\"}}],\"inLanguage\":\"it-IT\"},{\"@type\":\"Organization\",\"@id\":\"https:\\\/\\\/www.dargaud-jaegle.com\\\/it\\\/#organization\",\"name\":\"Dargaud & Jaegle\",\"url\":\"https:\\\/\\\/www.dargaud-jaegle.com\\\/it\\\/\",\"logo\":{\"@type\":\"ImageObject\",\"inLanguage\":\"it-IT\",\"@id\":\"https:\\\/\\\/www.dargaud-jaegle.com\\\/it\\\/#\\\/schema\\\/logo\\\/image\\\/\",\"url\":\"https:\\\/\\\/www.dargaud-jaegle.com\\\/wp-content\\\/uploads\\\/2024\\\/04\\\/logo-marron.svg\",\"contentUrl\":\"https:\\\/\\\/www.dargaud-jaegle.com\\\/wp-content\\\/uploads\\\/2024\\\/04\\\/logo-marron.svg\",\"width\":289,\"height\":172,\"caption\":\"Dargaud & Jaegle\"},\"image\":{\"@id\":\"https:\\\/\\\/www.dargaud-jaegle.com\\\/it\\\/#\\\/schema\\\/logo\\\/image\\\/\"},\"sameAs\":[\"https:\\\/\\\/www.facebook.com\\\/dargaudjaegle\\\/\"]}]}<\/script>\n<!-- \/ Yoast SEO plugin. -->","yoast_head_json":{"title":"Dargaud & Jaegl\u00e9","description":"Una competenza secolare nasce da una filosofia di famiglia che fa parte del nostro DNA.","robots":{"index":"index","follow":"follow","max-snippet":"max-snippet:-1","max-image-preview":"max-image-preview:large","max-video-preview":"max-video-preview:-1"},"canonical":"https:\/\/www.dargaud-jaegle.com\/it\/","og_locale":"it_IT","og_type":"article","og_title":"Dargaud & Jaegl\u00e9","og_description":"Una competenza secolare nasce da una filosofia di famiglia che fa parte del nostro DNA.","og_url":"https:\/\/www.dargaud-jaegle.com\/it\/","og_site_name":"Dargaud &amp; Jaegle","article_publisher":"https:\/\/www.facebook.com\/dargaudjaegle\/","article_modified_time":"2024-07-24T07:48:44+00:00","og_image":[{"width":2400,"height":952,"url":"https:\/\/www.dargaud-jaegle.com\/wp-content\/uploads\/2024\/04\/header.jpg","type":"image\/jpeg"}],"twitter_card":"summary_large_image","twitter_misc":{"Tempo di lettura stimato":"1 minuto"},"schema":{"@context":"https:\/\/schema.org","@graph":[{"@type":"WebPage","@id":"https:\/\/www.dargaud-jaegle.com\/it\/","url":"https:\/\/www.dargaud-jaegle.com\/it\/","name":"Dargaud & Jaegl\u00e9","isPartOf":{"@id":"https:\/\/www.dargaud-jaegle.com\/it\/#website"},"primaryImageOfPage":{"@id":"https:\/\/www.dargaud-jaegle.com\/it\/#primaryimage"},"image":{"@id":"https:\/\/www.dargaud-jaegle.com\/it\/#primaryimage"},"thumbnailUrl":"https:\/\/www.dargaud-jaegle.com\/wp-content\/uploads\/2024\/04\/header.jpg","datePublished":"2024-04-09T12:47:29+00:00","dateModified":"2024-07-24T07:48:44+00:00","description":"Una competenza secolare nasce da una filosofia di famiglia che fa parte del nostro DNA.","breadcrumb":{"@id":"https:\/\/www.dargaud-jaegle.com\/it\/#breadcrumb"},"inLanguage":"it-IT","potentialAction":[{"@type":"ReadAction","target":["https:\/\/www.dargaud-jaegle.com\/it\/"]}]},{"@type":"ImageObject","inLanguage":"it-IT","@id":"https:\/\/www.dargaud-jaegle.com\/it\/#primaryimage","url":"https:\/\/www.dargaud-jaegle.com\/wp-content\/uploads\/2024\/04\/header.jpg","contentUrl":"https:\/\/www.dargaud-jaegle.com\/wp-content\/uploads\/2024\/04\/header.jpg","width":2400,"height":952},{"@type":"BreadcrumbList","@id":"https:\/\/www.dargaud-jaegle.com\/it\/#breadcrumb","itemListElement":[{"@type":"ListItem","position":1,"name":"Pagina Iniziale","item":"https:\/\/www.dargaud-jaegle.com\/it\/"},{"@type":"ListItem","position":2,"name":"Le persone, le tecniche, i materiali, necessari per costruire botti che siano in armonia con il vino."}]},{"@type":"WebSite","@id":"https:\/\/www.dargaud-jaegle.com\/it\/#website","url":"https:\/\/www.dargaud-jaegle.com\/it\/","name":"Dargaud & Jaegle","description":"Des hommes, des techniques, des mat\u00e9riels, pour bien construire des f\u00fbts en harmonie avec le vin.\t Des hommes, des techniques, des mat\u00e9riels, pour bien construire des f\u00fbts en harmonie avec le vin.","publisher":{"@id":"https:\/\/www.dargaud-jaegle.com\/it\/#organization"},"potentialAction":[{"@type":"SearchAction","target":{"@type":"EntryPoint","urlTemplate":"https:\/\/www.dargaud-jaegle.com\/it\/?s={search_term_string}"},"query-input":{"@type":"PropertyValueSpecification","valueRequired":true,"valueName":"search_term_string"}}],"inLanguage":"it-IT"},{"@type":"Organization","@id":"https:\/\/www.dargaud-jaegle.com\/it\/#organization","name":"Dargaud & Jaegle","url":"https:\/\/www.dargaud-jaegle.com\/it\/","logo":{"@type":"ImageObject","inLanguage":"it-IT","@id":"https:\/\/www.dargaud-jaegle.com\/it\/#\/schema\/logo\/image\/","url":"https:\/\/www.dargaud-jaegle.com\/wp-content\/uploads\/2024\/04\/logo-marron.svg","contentUrl":"https:\/\/www.dargaud-jaegle.com\/wp-content\/uploads\/2024\/04\/logo-marron.svg","width":289,"height":172,"caption":"Dargaud & Jaegle"},"image":{"@id":"https:\/\/www.dargaud-jaegle.com\/it\/#\/schema\/logo\/image\/"},"sameAs":["https:\/\/www.facebook.com\/dargaudjaegle\/"]}]}},"_links":{"self":[{"href":"https:\/\/www.dargaud-jaegle.com\/it\/wp-json\/wp\/v2\/pages\/2967","targetHints":{"allow":["GET"]}}],"collection":[{"href":"https:\/\/www.dargaud-jaegle.com\/it\/wp-json\/wp\/v2\/pages"}],"about":[{"href":"https:\/\/www.dargaud-jaegle.com\/it\/wp-json\/wp\/v2\/types\/page"}],"author":[{"embeddable":true,"href":"https:\/\/www.dargaud-jaegle.com\/it\/wp-json\/wp\/v2\/users\/1"}],"replies":[{"embeddable":true,"href":"https:\/\/www.dargaud-jaegle.com\/it\/wp-json\/wp\/v2\/comments?post=2967"}],"version-history":[{"count":6,"href":"https:\/\/www.dargaud-jaegle.com\/it\/wp-json\/wp\/v2\/pages\/2967\/revisions"}],"predecessor-version":[{"id":3315,"href":"https:\/\/www.dargaud-jaegle.com\/it\/wp-json\/wp\/v2\/pages\/2967\/revisions\/3315"}],"wp:featuredmedia":[{"embeddable":true,"href":"https:\/\/www.dargaud-jaegle.com\/it\/wp-json\/wp\/v2\/media\/1976"}],"wp:attachment":[{"href":"https:\/\/www.dargaud-jaegle.com\/it\/wp-json\/wp\/v2\/media?parent=2967"}],"curies":[{"name":"wp","href":"https:\/\/api.w.org\/{rel}","templated":true}]}}